{"id":1108,"date":"2015-12-25T14:18:13","date_gmt":"2015-12-25T14:18:13","guid":{"rendered":"http:\/\/salongeatra.com\/?page_id=1108"},"modified":"2020-01-06T15:25:46","modified_gmt":"2020-01-06T15:25:46","slug":"corne-corozo","status":"publish","type":"page","link":"https:\/\/salonamat.com\/index.php\/collections\/accessoires\/corne-corozo\/","title":{"rendered":"CORNE &#038; COROZO"},"content":{"rendered":"<div class=\"entry-content\">\n<p>Fabricant fran\u00e7ais de boutons.<\/p>\n<p>Pas de minima.<\/p>\n<\/div>\n<div class=\"entry-content\">\n<p>Femme, homme, enfant.<\/p>\n<p>Toutes compositions.<\/p>\n<\/div>\n<p align=\"LEFT\">Repr\u00e9sent\u00e9 par <a href=\"http:\/\/salonamat.com\/index.php\/agents\/mehdi-lagrou\/\">Mehdi Lagrou<\/a>.<\/p>\n<p align=\"LEFT\">\n","protected":false},"excerpt":{"rendered":"<p>Fabricant fran\u00e7ais de boutons. Pas de minima. Femme, homme, enfant. Toutes compositions. Repr\u00e9sent\u00e9 par Mehdi Lagrou. <a href=\"https:\/\/salonamat.com\/index.php\/collections\/accessoires\/corne-corozo\/\" class=\"more-link\">Continuer de lire <span class=\"screen-reader-text\">CORNE &#038; COROZO<\/span><\/a><\/p>\n","protected":false},"author":2,"featured_media":0,"parent":1216,"menu_order":0,"comment_status":"closed","ping_status":"closed","template":"","meta":{"spay_email":""},"categories":[2,7,21,24,28,35,39,43,47],"tags":[],"jetpack_sharing_enabled":true,"jetpack_shortlink":"https:\/\/wp.me\/P7346W-hS","jetpack-related-posts":[{"id":935,"url":"https:\/\/salonamat.com\/index.php\/collections\/accessoires\/piemme-boutons\/","url_meta":{"origin":1108,"position":0},"title":"PIEMME BOUTONS","date":"d\u00e9cembre 24, 2015","format":false,"excerpt":"Fabricant italien de boutons. Pas de minima. Homme, femme, enfant. Toutes compositions. Repr\u00e9sent\u00e9 par Philippe Berlande.","rel":"","context":"Dans &quot;accessoires&quot;","img":{"alt_text":"","src":"","width":0,"height":0},"classes":[]},{"id":1782,"url":"https:\/\/salonamat.com\/index.php\/collections\/accessoires\/seram-dge\/","url_meta":{"origin":1108,"position":1},"title":"SERAM \/ DGE","date":"d\u00e9cembre 28, 2015","format":false,"excerpt":"Fabricant fran\u00e7ais d'accessoires pour le pr\u00eat-\u00e0-porter et la lingerie. Minima : 100 Pcs. Femme, enfant. Toutes compositions. Repr\u00e9sent\u00e9 par Guy Londiveau.","rel":"","context":"Dans &quot;accessoires&quot;","img":{"alt_text":"","src":"https:\/\/i0.wp.com\/salonamat.com\/wp-content\/uploads\/2015\/12\/GUY-SERAM-DGE-1.jpg?resize=350%2C200","width":350,"height":200},"classes":[]},{"id":2079,"url":"https:\/\/salonamat.com\/index.php\/collections\/accessoires\/tacchini\/","url_meta":{"origin":1108,"position":2},"title":"TACCHINI","date":"mai 3, 2016","format":false,"excerpt":"Fabricant italien de boutons, boucles, anneaux. Homme, Femme, Enfant. Acrylique, bois, corne, corozo, cuir, galastil, m\u00e9tal, nacre, nylon, polyamide, polyester, r\u00e9sine, soie, zamac... Repr\u00e9sent\u00e9 par V\u00e9ronique P\u00e9pin Bolliet.","rel":"","context":"Dans &quot;accessoires&quot;","img":{"alt_text":"","src":"https:\/\/i0.wp.com\/salonamat.com\/wp-content\/uploads\/2016\/05\/VERONIQUE-TACCHINI.jpg?resize=350%2C200","width":350,"height":200},"classes":[]},{"id":10110,"url":"https:\/\/salonamat.com\/index.php\/collections\/accessoires\/disgosa\/","url_meta":{"origin":1108,"position":3},"title":"DISGOSA","date":"octobre 29, 2025","format":false,"excerpt":"Fabricant espagnol de boutons \u00e0 coudre et accessoires. Tarifs entr\u00e9e de gamme. Femme, homme, enfant. Polyester, nacre, nylon, nylon m\u00e9tal, corne, corozo, bois, cuir lavable. Repr\u00e9sent\u00e9 par Armelle Blettner et Anne Jouve.","rel":"","context":"Dans &quot;accessoires&quot;","img":{"alt_text":"","src":"","width":0,"height":0},"classes":[]},{"id":10111,"url":"https:\/\/salonamat.com\/index.php\/collections\/accessoires\/nemark\/","url_meta":{"origin":1108,"position":4},"title":"NEMARK","date":"octobre 29, 2025","format":false,"excerpt":"Fabricant espagnol de boutons \u00e0 coudre et accessoires. Tarifs entr\u00e9e de gamme. Femme, homme, enfant. Polyester, nacre, nylon, nylon m\u00e9tal, corne, corozo, bois, cuir lavable. Repr\u00e9sent\u00e9 par Armelle Blettner et Anne Jouve.","rel":"","context":"Dans &quot;accessoires&quot;","img":{"alt_text":"","src":"","width":0,"height":0},"classes":[]},{"id":933,"url":"https:\/\/salonamat.com\/index.php\/collections\/accessoires\/miss-accessori\/","url_meta":{"origin":1108,"position":5},"title":"MISS ACCESSORI","date":"d\u00e9cembre 24, 2015","format":false,"excerpt":"Fabricant italien d'\u00e9charpes. Pas de minima. Homme, femme, enfant. Toutes compositions. Repr\u00e9sent\u00e9 par Philippe Berlande.","rel":"","context":"Dans &quot;accessoires&quot;","img":{"alt_text":"","src":"","width":0,"height":0},"classes":[]}],"_links":{"self":[{"href":"https:\/\/salonamat.com\/index.php\/wp-json\/wp\/v2\/pages\/1108"}],"collection":[{"href":"https:\/\/salonamat.com\/index.php\/wp-json\/wp\/v2\/pages"}],"about":[{"href":"https:\/\/salonamat.com\/index.php\/wp-json\/wp\/v2\/types\/page"}],"author":[{"embeddable":true,"href":"https:\/\/salonamat.com\/index.php\/wp-json\/wp\/v2\/users\/2"}],"replies":[{"embeddable":true,"href":"https:\/\/salonamat.com\/index.php\/wp-json\/wp\/v2\/comments?post=1108"}],"version-history":[{"count":1,"href":"https:\/\/salonamat.com\/index.php\/wp-json\/wp\/v2\/pages\/1108\/revisions"}],"predecessor-version":[{"id":1735,"href":"https:\/\/salonamat.com\/index.php\/wp-json\/wp\/v2\/pages\/1108\/revisions\/1735"}],"up":[{"embeddable":true,"href":"https:\/\/salonamat.com\/index.php\/wp-json\/wp\/v2\/pages\/1216"}],"wp:attachment":[{"href":"https:\/\/salonamat.com\/index.php\/wp-json\/wp\/v2\/media?parent=1108"}],"wp:term":[{"taxonomy":"category","embeddable":true,"href":"https:\/\/salonamat.com\/index.php\/wp-json\/wp\/v2\/categories?post=1108"},{"taxonomy":"post_tag","embeddable":true,"href":"https:\/\/salonamat.com\/index.php\/wp-json\/wp\/v2\/tags?post=1108"}],"curies":[{"name":"wp","href":"https:\/\/api.w.org\/{rel}","templated":true}]}}