{"id":1106,"date":"2015-12-25T14:15:25","date_gmt":"2015-12-25T14:15:25","guid":{"rendered":"http:\/\/salongeatra.com\/?page_id=1106"},"modified":"2020-01-06T15:25:37","modified_gmt":"2020-01-06T15:25:37","slug":"cintugal","status":"publish","type":"page","link":"https:\/\/salonamat.com\/index.php\/collections\/accessoires\/cintugal\/","title":{"rendered":"CINTUGAL"},"content":{"rendered":"<div class=\"entry-content\">\n<p>Fabricant espagnol de ceintures.<\/p>\n<p>Minima : 50 pi\u00e8ces \/ toutes tailles.<\/p>\n<\/div>\n<div class=\"entry-content\">\n<p>Femme, homme, enfant.<\/p>\n<p>M\u00e9tal, cuir.<\/p>\n<\/div>\n<p align=\"LEFT\">Repr\u00e9sent\u00e9 par <a href=\"http:\/\/salonamat.com\/index.php\/agents\/mehdi-lagrou\/\">Mehdi Lagrou<\/a>.<\/p>\n<p class=\"jetpack-slideshow-noscript robots-nocontent\">Ce diaporama n\u00e9cessite JavaScript.<\/p><div id=\"gallery-1106-1-slideshow\" class=\"jetpack-slideshow-window jetpack-slideshow jetpack-slideshow-black\" data-trans=\"fade\" data-autostart=\"1\" data-gallery=\"[{&quot;src&quot;:&quot;https:\\\/\\\/i0.wp.com\\\/salonamat.com\\\/wp-content\\\/uploads\\\/2015\\\/12\\\/MEHDI-CINTUGAL-1.jpg?fit=720%2C528\\u0026ssl=1&quot;,&quot;id&quot;:&quot;501&quot;,&quot;title&quot;:&quot;MEHDI-CINTUGAL&quot;,&quot;alt&quot;:&quot;&quot;,&quot;caption&quot;:&quot;&quot;,&quot;itemprop&quot;:&quot;image&quot;}]\" itemscope itemtype=\"https:\/\/schema.org\/ImageGallery\"><\/div>\n","protected":false},"excerpt":{"rendered":"<p>Fabricant espagnol de ceintures. Minima : 50 pi\u00e8ces \/ toutes tailles. Femme, homme, enfant. M\u00e9tal, cuir. Repr\u00e9sent\u00e9 par Mehdi Lagrou. <a href=\"https:\/\/salonamat.com\/index.php\/collections\/accessoires\/cintugal\/\" class=\"more-link\">Continuer de lire <span class=\"screen-reader-text\">CINTUGAL<\/span><\/a><\/p>\n","protected":false},"author":2,"featured_media":0,"parent":1216,"menu_order":0,"comment_status":"closed","ping_status":"closed","template":"","meta":{"spay_email":""},"categories":[2,11,82,21,24,28,112,35,39,43],"tags":[],"jetpack_sharing_enabled":true,"jetpack_shortlink":"https:\/\/wp.me\/P7346W-hQ","jetpack-related-posts":[{"id":802,"url":"https:\/\/salonamat.com\/index.php\/collections\/accessoires\/disboton\/","url_meta":{"origin":1106,"position":0},"title":"DISBOTON","date":"d\u00e9cembre 22, 2015","format":false,"excerpt":"Fabricant espagnol de boutons \u00e0 coudre. Tarifs entr\u00e9e de gamme. Femme, homme, enfant. Polyester, nacre, nylon, nylon m\u00e9tal, corne, corozo, bois, cuir lavable. Repr\u00e9sent\u00e9 par Armelle Blettner.","rel":"","context":"Dans &quot;accessoires&quot;","img":{"alt_text":"","src":"https:\/\/i0.wp.com\/salonamat.com\/wp-content\/uploads\/2015\/12\/ARMELLE-DISBOTON-1.jpg?resize=350%2C200","width":350,"height":200},"classes":[]},{"id":2079,"url":"https:\/\/salonamat.com\/index.php\/collections\/accessoires\/tacchini\/","url_meta":{"origin":1106,"position":1},"title":"TACCHINI","date":"mai 3, 2016","format":false,"excerpt":"Fabricant italien de boutons, boucles, anneaux. Homme, Femme, Enfant. Acrylique, bois, corne, corozo, cuir, galastil, m\u00e9tal, nacre, nylon, polyamide, polyester, r\u00e9sine, soie, zamac... Repr\u00e9sent\u00e9 par V\u00e9ronique P\u00e9pin Bolliet.","rel":"","context":"Dans &quot;accessoires&quot;","img":{"alt_text":"","src":"https:\/\/i0.wp.com\/salonamat.com\/wp-content\/uploads\/2016\/05\/VERONIQUE-TACCHINI.jpg?resize=350%2C200","width":350,"height":200},"classes":[]},{"id":10110,"url":"https:\/\/salonamat.com\/index.php\/collections\/accessoires\/disgosa\/","url_meta":{"origin":1106,"position":2},"title":"DISGOSA","date":"octobre 29, 2025","format":false,"excerpt":"Fabricant espagnol de boutons \u00e0 coudre et accessoires. Tarifs entr\u00e9e de gamme. Femme, homme, enfant. Polyester, nacre, nylon, nylon m\u00e9tal, corne, corozo, bois, cuir lavable. Repr\u00e9sent\u00e9 par Armelle Blettner et Anne Jouve.","rel":"","context":"Dans &quot;accessoires&quot;","img":{"alt_text":"","src":"","width":0,"height":0},"classes":[]},{"id":10111,"url":"https:\/\/salonamat.com\/index.php\/collections\/accessoires\/nemark\/","url_meta":{"origin":1106,"position":3},"title":"NEMARK","date":"octobre 29, 2025","format":false,"excerpt":"Fabricant espagnol de boutons \u00e0 coudre et accessoires. Tarifs entr\u00e9e de gamme. Femme, homme, enfant. Polyester, nacre, nylon, nylon m\u00e9tal, corne, corozo, bois, cuir lavable. Repr\u00e9sent\u00e9 par Armelle Blettner et Anne Jouve.","rel":"","context":"Dans &quot;accessoires&quot;","img":{"alt_text":"","src":"","width":0,"height":0},"classes":[]},{"id":660,"url":"https:\/\/salonamat.com\/index.php\/collections\/accessoires\/rifra\/","url_meta":{"origin":1106,"position":4},"title":"RIFRA","date":"d\u00e9cembre 18, 2015","format":false,"excerpt":"Fabricant italien d'\u00e9lastiques tiss\u00e9s, unis, jacquards, ray\u00e9s, imprim\u00e9s... Articles pour ceinture. Femme, homme. Polyester, polyamide, m\u00e9tal, lurex. Repr\u00e9sent\u00e9 par Beno\u00eet De Sereys et Jean-Maurice Martin.","rel":"","context":"Dans &quot;accessoires&quot;","img":{"alt_text":"","src":"https:\/\/i0.wp.com\/salonamat.com\/wp-content\/uploads\/2016\/05\/BENOIT-RIFRA.jpg?resize=350%2C200","width":350,"height":200},"classes":[]},{"id":4749,"url":"https:\/\/salonamat.com\/index.php\/collections\/accessoires\/metalbottoni\/","url_meta":{"origin":1106,"position":5},"title":"METALBOTTONI","date":"janvier 2, 2023","format":false,"excerpt":"Italie Fabricant italien d'articles m\u00e9tallique Boutons \/ rivets\/ boucles... Minima: 1 000 pi\u00e8ces Repr\u00e9sent\u00e9 par Philippe CAZELLES","rel":"","context":"Dans &quot;accessoires&quot;","img":{"alt_text":"","src":"","width":0,"height":0},"classes":[]}],"_links":{"self":[{"href":"https:\/\/salonamat.com\/index.php\/wp-json\/wp\/v2\/pages\/1106"}],"collection":[{"href":"https:\/\/salonamat.com\/index.php\/wp-json\/wp\/v2\/pages"}],"about":[{"href":"https:\/\/salonamat.com\/index.php\/wp-json\/wp\/v2\/types\/page"}],"author":[{"embeddable":true,"href":"https:\/\/salonamat.com\/index.php\/wp-json\/wp\/v2\/users\/2"}],"replies":[{"embeddable":true,"href":"https:\/\/salonamat.com\/index.php\/wp-json\/wp\/v2\/comments?post=1106"}],"version-history":[{"count":1,"href":"https:\/\/salonamat.com\/index.php\/wp-json\/wp\/v2\/pages\/1106\/revisions"}],"predecessor-version":[{"id":1734,"href":"https:\/\/salonamat.com\/index.php\/wp-json\/wp\/v2\/pages\/1106\/revisions\/1734"}],"up":[{"embeddable":true,"href":"https:\/\/salonamat.com\/index.php\/wp-json\/wp\/v2\/pages\/1216"}],"wp:attachment":[{"href":"https:\/\/salonamat.com\/index.php\/wp-json\/wp\/v2\/media?parent=1106"}],"wp:term":[{"taxonomy":"category","embeddable":true,"href":"https:\/\/salonamat.com\/index.php\/wp-json\/wp\/v2\/categories?post=1106"},{"taxonomy":"post_tag","embeddable":true,"href":"https:\/\/salonamat.com\/index.php\/wp-json\/wp\/v2\/tags?post=1106"}],"curies":[{"name":"wp","href":"https:\/\/api.w.org\/{rel}","templated":true}]}}