{"id":1074,"date":"2015-12-25T12:14:34","date_gmt":"2015-12-25T12:14:34","guid":{"rendered":"http:\/\/salongeatra.com\/?page_id=1074"},"modified":"2022-06-21T14:11:04","modified_gmt":"2022-06-21T14:11:04","slug":"achille-pinto","status":"publish","type":"page","link":"https:\/\/salonamat.com\/index.php\/collections\/tissus\/achille-pinto\/","title":{"rendered":"ACHILLE PINTO"},"content":{"rendered":"<div class=\"entry-content\">\n<p>Imprimeur italien de C\u00f4me.<\/p>\n<p>Pas de minima.<\/p>\n<\/div>\n<div class=\"entry-content\">\n<p>Femme, homme.<\/p>\n<p>Toutes compositions.<\/p>\n<\/div>\n<p align=\"LEFT\">Repr\u00e9sent\u00e9 par <a href=\"http:\/\/salonamat.com\/index.php\/agents\/manon-naudin\/\">Manon Naudin<\/a>.<\/p>\n<p class=\"jetpack-slideshow-noscript robots-nocontent\">Ce diaporama n\u00e9cessite JavaScript.<\/p><div id=\"gallery-1074-1-slideshow\" class=\"jetpack-slideshow-window jetpack-slideshow jetpack-slideshow-black\" data-trans=\"fade\" data-autostart=\"1\" data-gallery=\"[{&quot;src&quot;:&quot;https:\\\/\\\/i0.wp.com\\\/salonamat.com\\\/wp-content\\\/uploads\\\/2022\\\/06\\\/ACHILLE-PINTO-01.png?fit=720%2C715\\u0026ssl=1&quot;,&quot;id&quot;:&quot;4447&quot;,&quot;title&quot;:&quot;ACHILLE-PINTO-01&quot;,&quot;alt&quot;:&quot;&quot;,&quot;caption&quot;:&quot;&quot;,&quot;itemprop&quot;:&quot;image&quot;},{&quot;src&quot;:&quot;https:\\\/\\\/i0.wp.com\\\/salonamat.com\\\/wp-content\\\/uploads\\\/2022\\\/06\\\/FRALPI-01.png?fit=720%2C889\\u0026ssl=1&quot;,&quot;id&quot;:&quot;4446&quot;,&quot;title&quot;:&quot;FRALPI-01&quot;,&quot;alt&quot;:&quot;&quot;,&quot;caption&quot;:&quot;&quot;,&quot;itemprop&quot;:&quot;image&quot;},{&quot;src&quot;:&quot;https:\\\/\\\/i0.wp.com\\\/salonamat.com\\\/wp-content\\\/uploads\\\/2022\\\/06\\\/ACHILLE-PINTO-03.png?fit=720%2C707\\u0026ssl=1&quot;,&quot;id&quot;:&quot;4444&quot;,&quot;title&quot;:&quot;ACHILLE-PINTO-03&quot;,&quot;alt&quot;:&quot;&quot;,&quot;caption&quot;:&quot;&quot;,&quot;itemprop&quot;:&quot;image&quot;},{&quot;src&quot;:&quot;https:\\\/\\\/i0.wp.com\\\/salonamat.com\\\/wp-content\\\/uploads\\\/2022\\\/06\\\/ACHILLE-PINTO-04.png?fit=720%2C897\\u0026ssl=1&quot;,&quot;id&quot;:&quot;4445&quot;,&quot;title&quot;:&quot;ACHILLE-PINTO-04&quot;,&quot;alt&quot;:&quot;&quot;,&quot;caption&quot;:&quot;&quot;,&quot;itemprop&quot;:&quot;image&quot;}]\" itemscope itemtype=\"https:\/\/schema.org\/ImageGallery\"><\/div>\n","protected":false},"excerpt":{"rendered":"<p>Imprimeur italien de C\u00f4me. Pas de minima. Femme, homme. Toutes compositions. Repr\u00e9sent\u00e9 par Manon Naudin. <a href=\"https:\/\/salonamat.com\/index.php\/collections\/tissus\/achille-pinto\/\" class=\"more-link\">Continuer de lire <span class=\"screen-reader-text\">ACHILLE PINTO<\/span><\/a><\/p>\n","protected":false},"author":2,"featured_media":0,"parent":1215,"menu_order":0,"comment_status":"closed","ping_status":"closed","template":"","meta":{"spay_email":""},"categories":[73,24,28,93,109,35,39,46,49],"tags":[],"jetpack_sharing_enabled":true,"jetpack_shortlink":"https:\/\/wp.me\/P7346W-hk","jetpack-related-posts":[{"id":4757,"url":"https:\/\/salonamat.com\/index.php\/collections\/tissus\/new-junior\/","url_meta":{"origin":1074,"position":0},"title":"NEW JUNIOR","date":"janvier 2, 2023","format":false,"excerpt":"Espagne Femme\/ homme Sportswear Minima: \u00a0Pas de minimum pour le PAT, 300 mts pour le teint Repr\u00e9sent\u00e9e par Philippe CAZELLES","rel":"","context":"Dans &quot;cha\u00eene et trame&quot;","img":{"alt_text":"","src":"","width":0,"height":0},"classes":[]},{"id":896,"url":"https:\/\/salonamat.com\/index.php\/collections\/tissus\/arella\/","url_meta":{"origin":1074,"position":1},"title":"ARELLA","date":"d\u00e9cembre 23, 2015","format":false,"excerpt":"Fabricant italien d'imprim\u00e9s. Minima : 200 mt Femme. Toutes compositions. Repr\u00e9sent\u00e9 par Philippe Berlande.","rel":"","context":"Dans &quot;cha\u00eene et trame&quot;","img":{"alt_text":"","src":"https:\/\/i0.wp.com\/salonamat.com\/wp-content\/uploads\/2015\/12\/PHILIPPE-ARELLA.jpg?resize=350%2C200","width":350,"height":200},"classes":[]},{"id":900,"url":"https:\/\/salonamat.com\/index.php\/collections\/tissus\/gallus\/","url_meta":{"origin":1074,"position":2},"title":"GALLUS","date":"d\u00e9cembre 23, 2015","format":false,"excerpt":"Fabricant italien d'unis et d'imprim\u00e9s. Minima : 500 mt Femme. Toutes compositions. Repr\u00e9sent\u00e9 par Philippe Berlande.","rel":"","context":"Dans &quot;cha\u00eene et trame&quot;","img":{"alt_text":"","src":"https:\/\/i0.wp.com\/salonamat.com\/wp-content\/uploads\/2015\/12\/PHILIPPE-GALLUS.jpg?resize=350%2C200","width":350,"height":200},"classes":[]},{"id":2384,"url":"https:\/\/salonamat.com\/index.php\/collections\/tissus\/trouillet\/","url_meta":{"origin":1074,"position":3},"title":"TROUILLET","date":"septembre 4, 2018","format":false,"excerpt":"Fabricant fran\u00e7ais de tissus fantaisie, armur\u00e9s, tiss\u00e9s-teints, cha\u00eene et trame. Femme, Enfant Minima : 300 Mt Compositions : poly-cotons\/viscose, 100% coton, 100% viscose, viscose\/\u00e9lasthanne. Repr\u00e9sent\u00e9 par Lionel Roblet.","rel":"","context":"Dans &quot;cha\u00eene et trame&quot;","img":{"alt_text":"","src":"https:\/\/i0.wp.com\/salonamat.com\/wp-content\/uploads\/2018\/09\/LYDIE-TROUILLET-ANGIE.jpg?resize=350%2C200","width":350,"height":200},"classes":[]},{"id":634,"url":"https:\/\/salonamat.com\/index.php\/collections\/tissus\/deveaux\/","url_meta":{"origin":1074,"position":4},"title":"DEVEAUX","date":"d\u00e9cembre 18, 2015","format":false,"excerpt":"Imprimeur fran\u00e7ais de tissus cha\u00eene-et-trame & maille. Rotatif, jet d'encre. Jacquard cha\u00eene-et-trame et maille, fantaisie, maille fils teints. Femme, homme, enfant. D\u00e9veloppements personnalis\u00e9s. Coton, viscose, polyester, acrylique, laine, lin, \u00e9lasthanne... Repr\u00e9sent\u00e9 par Christine Deporte.","rel":"","context":"Dans &quot;acrylique&quot;","img":{"alt_text":"","src":"https:\/\/i0.wp.com\/salonamat.com\/wp-content\/uploads\/2015\/12\/CHRISTINE-DEVEAUX-01-1.jpg?resize=350%2C200","width":350,"height":200},"classes":[]},{"id":908,"url":"https:\/\/salonamat.com\/index.php\/collections\/tissus\/ricardo-fordiami\/","url_meta":{"origin":1074,"position":5},"title":"RICARDO FORDIANI","date":"d\u00e9cembre 23, 2015","format":false,"excerpt":"Fabricant italien de maille. Minima : 50 Mt. Femme, homme, enfant. Toutes compositions. Repr\u00e9sent\u00e9 par Philippe Berlande.","rel":"","context":"Dans &quot;enfant&quot;","img":{"alt_text":"","src":"https:\/\/i0.wp.com\/salonamat.com\/wp-content\/uploads\/2015\/12\/PHILIPPE-RICARDO-FORDIAMI.jpg?resize=350%2C200","width":350,"height":200},"classes":[]}],"_links":{"self":[{"href":"https:\/\/salonamat.com\/index.php\/wp-json\/wp\/v2\/pages\/1074"}],"collection":[{"href":"https:\/\/salonamat.com\/index.php\/wp-json\/wp\/v2\/pages"}],"about":[{"href":"https:\/\/salonamat.com\/index.php\/wp-json\/wp\/v2\/types\/page"}],"author":[{"embeddable":true,"href":"https:\/\/salonamat.com\/index.php\/wp-json\/wp\/v2\/users\/2"}],"replies":[{"embeddable":true,"href":"https:\/\/salonamat.com\/index.php\/wp-json\/wp\/v2\/comments?post=1074"}],"version-history":[{"count":5,"href":"https:\/\/salonamat.com\/index.php\/wp-json\/wp\/v2\/pages\/1074\/revisions"}],"predecessor-version":[{"id":4475,"href":"https:\/\/salonamat.com\/index.php\/wp-json\/wp\/v2\/pages\/1074\/revisions\/4475"}],"up":[{"embeddable":true,"href":"https:\/\/salonamat.com\/index.php\/wp-json\/wp\/v2\/pages\/1215"}],"wp:attachment":[{"href":"https:\/\/salonamat.com\/index.php\/wp-json\/wp\/v2\/media?parent=1074"}],"wp:term":[{"taxonomy":"category","embeddable":true,"href":"https:\/\/salonamat.com\/index.php\/wp-json\/wp\/v2\/categories?post=1074"},{"taxonomy":"post_tag","embeddable":true,"href":"https:\/\/salonamat.com\/index.php\/wp-json\/wp\/v2\/tags?post=1074"}],"curies":[{"name":"wp","href":"https:\/\/api.w.org\/{rel}","templated":true}]}}