{"id":1065,"date":"2015-12-25T11:17:13","date_gmt":"2015-12-25T11:17:13","guid":{"rendered":"http:\/\/salongeatra.com\/?page_id=1065"},"modified":"2016-05-03T14:58:30","modified_gmt":"2016-05-03T14:58:30","slug":"twelve","status":"publish","type":"page","link":"https:\/\/salonamat.com\/index.php\/collections\/tissus\/twelve\/","title":{"rendered":"TWELVE"},"content":{"rendered":"<div class=\"entry-content\">\n<p>Fabricant italien de cha\u00eene-et-trame.<\/p>\n<p>Collection italienne sophistiqu\u00e9e, poids pi\u00e8ces \u00e0 manches, jupes, robes, pantalons, double-faces.<\/p>\n<\/div>\n<p>Minima : 200 Mt.<\/p>\n<div class=\"entry-content\">\n<p>Femme homme.<\/p>\n<p>Laine, fils fantaisie, m\u00e9langes.<\/p>\n<\/div>\n<p align=\"LEFT\">Repr\u00e9sent\u00e9 par <a href=\"http:\/\/salonamat.com\/index.php\/agents\/territoires-textiles-viviane-gadrey-madani\/\">Viviane Gadrey Madani<\/a>.<\/p>\n<p class=\"jetpack-slideshow-noscript robots-nocontent\">Ce diaporama n\u00e9cessite JavaScript.<\/p><div id=\"gallery-1065-1-slideshow\" class=\"jetpack-slideshow-window jetpack-slideshow jetpack-slideshow-black\" data-trans=\"fade\" data-autostart=\"1\" data-gallery=\"[{&quot;src&quot;:&quot;https:\\\/\\\/i0.wp.com\\\/salonamat.com\\\/wp-content\\\/uploads\\\/2015\\\/12\\\/VIVIANE-TWELVE-1.jpg?fit=720%2C480\\u0026ssl=1&quot;,&quot;id&quot;:&quot;591&quot;,&quot;title&quot;:&quot;VIVIANE-TWELVE&quot;,&quot;alt&quot;:&quot;&quot;,&quot;caption&quot;:&quot;&quot;,&quot;itemprop&quot;:&quot;image&quot;},{&quot;src&quot;:&quot;https:\\\/\\\/i0.wp.com\\\/salonamat.com\\\/wp-content\\\/uploads\\\/2016\\\/05\\\/VIVIANE-TWELVE-2.jpg?fit=720%2C480\\u0026ssl=1&quot;,&quot;id&quot;:&quot;2017&quot;,&quot;title&quot;:&quot;VIVIANE-TWELVE-2&quot;,&quot;alt&quot;:&quot;&quot;,&quot;caption&quot;:&quot;&quot;,&quot;itemprop&quot;:&quot;image&quot;},{&quot;src&quot;:&quot;https:\\\/\\\/i0.wp.com\\\/salonamat.com\\\/wp-content\\\/uploads\\\/2016\\\/05\\\/VIVIANE-TWELVE-3.jpg?fit=720%2C480\\u0026ssl=1&quot;,&quot;id&quot;:&quot;2018&quot;,&quot;title&quot;:&quot;VIVIANE-TWELVE-3&quot;,&quot;alt&quot;:&quot;&quot;,&quot;caption&quot;:&quot;&quot;,&quot;itemprop&quot;:&quot;image&quot;}]\" itemscope itemtype=\"https:\/\/schema.org\/ImageGallery\"><\/div>\n","protected":false},"excerpt":{"rendered":"<p>Fabricant italien de cha\u00eene-et-trame. Collection italienne sophistiqu\u00e9e, poids pi\u00e8ces \u00e0 manches, jupes, robes, pantalons, double-faces. Minima : 200 Mt. Femme homme. Laine, fils fantaisie, m\u00e9langes. Repr\u00e9sent\u00e9 par Viviane Gadrey Madani. <a href=\"https:\/\/salonamat.com\/index.php\/collections\/tissus\/twelve\/\" class=\"more-link\">Continuer de lire <span class=\"screen-reader-text\">TWELVE<\/span><\/a><\/p>\n","protected":false},"author":2,"featured_media":0,"parent":1215,"menu_order":0,"comment_status":"closed","ping_status":"closed","template":"","meta":{"spay_email":""},"categories":[24,28,96,110,35,39,46,49],"tags":[],"jetpack_sharing_enabled":true,"jetpack_shortlink":"https:\/\/wp.me\/P7346W-hb","jetpack-related-posts":[{"id":997,"url":"https:\/\/salonamat.com\/index.php\/collections\/tissus\/alfa-fi\/","url_meta":{"origin":1065,"position":0},"title":"ALFA-FI","date":"d\u00e9cembre 24, 2015","format":false,"excerpt":"Fabricant italien de cha\u00eene-et-trame, tiss\u00e9s classiques. Minima : 300 Mt Femme, homme. Coton, polyester, \u00e9lasthanne, laine, m\u00e9langes. Repr\u00e9sent\u00e9 par V\u00e9ronique P\u00e9pin Bolliet. \u00a0","rel":"","context":"Dans &quot;cha\u00eene et trame&quot;","img":{"alt_text":"","src":"https:\/\/i0.wp.com\/salonamat.com\/wp-content\/uploads\/2015\/12\/VERONIQUE-ALFA-FI-1.jpg?resize=350%2C200","width":350,"height":200},"classes":[]},{"id":4465,"url":"https:\/\/salonamat.com\/index.php\/collections\/tissus\/fralpi\/","url_meta":{"origin":1065,"position":1},"title":"FRALPI","date":"juin 21, 2022","format":false,"excerpt":"Soci\u00e9t\u00e9 italienne. Lin et m\u00e9lange pour l'\u00e9t\u00e9. Laine et m\u00e9lange pour l'hiver. Maison repr\u00e9sent\u00e9e par Manon Naudin.","rel":"","context":"Dans &quot;entr\u00e9e de gamme&quot;","img":{"alt_text":"","src":"https:\/\/i0.wp.com\/salonamat.com\/wp-content\/uploads\/2022\/06\/FRALPI-02.png?resize=350%2C200&ssl=1","width":350,"height":200},"classes":[]},{"id":825,"url":"https:\/\/salonamat.com\/index.php\/collections\/tissus\/telatex\/","url_meta":{"origin":1065,"position":2},"title":"TELATEX","date":"d\u00e9cembre 22, 2015","format":false,"excerpt":"Fabricant fran\u00e7ais de tissus cha\u00eene-et-trame naturels. PAT, teints, imprim\u00e9s, jacquards. Femme, homme, enfant, sportswear. Coton, laine, viscose, lin, m\u00e9langes. Minimum de commande: 300M + stock service Repr\u00e9sent\u00e9 par Laetitia CORGER.","rel":"","context":"Dans &quot;ameublement&quot;","img":{"alt_text":"","src":"https:\/\/i0.wp.com\/salonamat.com\/wp-content\/uploads\/2023\/05\/TELATEX1.jpg?resize=350%2C200&ssl=1","width":350,"height":200},"classes":[]},{"id":827,"url":"https:\/\/salonamat.com\/index.php\/collections\/tissus\/knipidee\/","url_meta":{"origin":1065,"position":3},"title":"KNIPIDEE","date":"d\u00e9cembre 22, 2015","format":false,"excerpt":"Importateur n\u00e9erlandais de tissus cha\u00eene-et-trame et maille. Minima : 15 mt sur stock. Femme, homme, enfant. Toutes compositions. Petites quantit\u00e9s. Repr\u00e9sent\u00e9 par V\u00e9ronique PEPIN BOLLIET","rel":"","context":"Dans &quot;ac\u00e9tate&quot;","img":{"alt_text":"","src":"https:\/\/i0.wp.com\/salonamat.com\/wp-content\/uploads\/2015\/12\/ANNE-KNIPIDEE-1.jpg?resize=350%2C200","width":350,"height":200},"classes":[]},{"id":995,"url":"https:\/\/salonamat.com\/index.php\/collections\/tissus\/nencini\/","url_meta":{"origin":1065,"position":4},"title":"NENCINI","date":"d\u00e9cembre 24, 2015","format":false,"excerpt":"Fabricant italien de lainage jacquard fantaisie. Minima : 200 Mt Femme. Polyester, acrylique, laine, m\u00e9langes. Repr\u00e9sent\u00e9 par V\u00e9ronique P\u00e9pin Bolliet.","rel":"","context":"Dans &quot;acrylique&quot;","img":{"alt_text":"","src":"https:\/\/i0.wp.com\/salonamat.com\/wp-content\/uploads\/2015\/12\/VERONIQUE-NENCINI-1.jpg?resize=350%2C200","width":350,"height":200},"classes":[]},{"id":881,"url":"https:\/\/salonamat.com\/index.php\/collections\/tissus\/ab-creations-fabien-doligez\/","url_meta":{"origin":1065,"position":5},"title":"AB CREATIONS \/ FABIEN DOLIGEZ","date":"d\u00e9cembre 22, 2015","format":false,"excerpt":"Fabricant fran\u00e7ais de tissus cha\u00eene-et-trame, nouveaut\u00e9s lyonnaises, fantaisie. Minima : 300 mt Femme. Laine, viscose, polyester, coton, acrylique, m\u00e9langes. Repr\u00e9sent\u00e9 par Gilles Ogier.","rel":"","context":"Dans &quot;acrylique&quot;","img":{"alt_text":"","src":"https:\/\/i0.wp.com\/salonamat.com\/wp-content\/uploads\/2015\/12\/GILLES-AB-CREATIONS-FABIEN-DOLIGEZ-1.jpg?resize=350%2C200","width":350,"height":200},"classes":[]}],"_links":{"self":[{"href":"https:\/\/salonamat.com\/index.php\/wp-json\/wp\/v2\/pages\/1065"}],"collection":[{"href":"https:\/\/salonamat.com\/index.php\/wp-json\/wp\/v2\/pages"}],"about":[{"href":"https:\/\/salonamat.com\/index.php\/wp-json\/wp\/v2\/types\/page"}],"author":[{"embeddable":true,"href":"https:\/\/salonamat.com\/index.php\/wp-json\/wp\/v2\/users\/2"}],"replies":[{"embeddable":true,"href":"https:\/\/salonamat.com\/index.php\/wp-json\/wp\/v2\/comments?post=1065"}],"version-history":[{"count":2,"href":"https:\/\/salonamat.com\/index.php\/wp-json\/wp\/v2\/pages\/1065\/revisions"}],"predecessor-version":[{"id":2057,"href":"https:\/\/salonamat.com\/index.php\/wp-json\/wp\/v2\/pages\/1065\/revisions\/2057"}],"up":[{"embeddable":true,"href":"https:\/\/salonamat.com\/index.php\/wp-json\/wp\/v2\/pages\/1215"}],"wp:attachment":[{"href":"https:\/\/salonamat.com\/index.php\/wp-json\/wp\/v2\/media?parent=1065"}],"wp:term":[{"taxonomy":"category","embeddable":true,"href":"https:\/\/salonamat.com\/index.php\/wp-json\/wp\/v2\/categories?post=1065"},{"taxonomy":"post_tag","embeddable":true,"href":"https:\/\/salonamat.com\/index.php\/wp-json\/wp\/v2\/tags?post=1065"}],"curies":[{"name":"wp","href":"https:\/\/api.w.org\/{rel}","templated":true}]}}