{"id":1059,"date":"2015-12-25T11:02:28","date_gmt":"2015-12-25T11:02:28","guid":{"rendered":"http:\/\/salongeatra.com\/?page_id=1059"},"modified":"2015-12-28T09:55:51","modified_gmt":"2015-12-28T09:55:51","slug":"didh","status":"publish","type":"page","link":"https:\/\/salonamat.com\/index.php\/collections\/accessoires\/didh\/","title":{"rendered":"DIDH"},"content":{"rendered":"<div class=\"entry-content\">\n<p>Fabricant fran\u00e7ais de foulards imprim\u00e9s et accessoires.<\/p>\n<p>Minima : 100 pcs France \/ 1000 pcs Turquie.<\/p>\n<\/div>\n<div class=\"entry-content\">\n<p>Femme, homme, enfant.<\/p>\n<p>Coton, soie, polyester.<\/p>\n<\/div>\n<p align=\"LEFT\">Repr\u00e9sent\u00e9 par <a href=\"http:\/\/salonamat.com\/index.php\/agents\/territoires-textiles-viviane-gadrey-madani\/\">Viviane Gadrey Madani<\/a>.<\/p>\n<p class=\"jetpack-slideshow-noscript robots-nocontent\">Ce diaporama n\u00e9cessite JavaScript.<\/p><div id=\"gallery-1059-1-slideshow\" class=\"jetpack-slideshow-window jetpack-slideshow jetpack-slideshow-black\" data-trans=\"fade\" data-autostart=\"1\" data-gallery=\"[{&quot;src&quot;:&quot;https:\\\/\\\/i0.wp.com\\\/salonamat.com\\\/wp-content\\\/uploads\\\/2015\\\/12\\\/VIVIANE-DIDH-1.jpg?fit=720%2C480\\u0026ssl=1&quot;,&quot;id&quot;:&quot;588&quot;,&quot;title&quot;:&quot;VIVIANE-DIDH&quot;,&quot;alt&quot;:&quot;&quot;,&quot;caption&quot;:&quot;&quot;,&quot;itemprop&quot;:&quot;image&quot;}]\" itemscope itemtype=\"https:\/\/schema.org\/ImageGallery\"><\/div>\n","protected":false},"excerpt":{"rendered":"<p>Fabricant fran\u00e7ais de foulards imprim\u00e9s et accessoires. Minima : 100 pcs France \/ 1000 pcs Turquie. Femme, homme, enfant. Coton, soie, polyester. Repr\u00e9sent\u00e9 par Viviane Gadrey Madani. <a href=\"https:\/\/salonamat.com\/index.php\/collections\/accessoires\/didh\/\" class=\"more-link\">Continuer de lire <span class=\"screen-reader-text\">DIDH<\/span><\/a><\/p>\n","protected":false},"author":2,"featured_media":0,"parent":1216,"menu_order":0,"comment_status":"closed","ping_status":"closed","template":"","meta":{"spay_email":""},"categories":[80,19,21,24,27,28,32,35,124,39,132],"tags":[],"jetpack_sharing_enabled":true,"jetpack_shortlink":"https:\/\/wp.me\/P7346W-h5","jetpack-related-posts":[{"id":2079,"url":"https:\/\/salonamat.com\/index.php\/collections\/accessoires\/tacchini\/","url_meta":{"origin":1059,"position":0},"title":"TACCHINI","date":"mai 3, 2016","format":false,"excerpt":"Fabricant italien de boutons, boucles, anneaux. Homme, Femme, Enfant. Acrylique, bois, corne, corozo, cuir, galastil, m\u00e9tal, nacre, nylon, polyamide, polyester, r\u00e9sine, soie, zamac... Repr\u00e9sent\u00e9 par V\u00e9ronique P\u00e9pin Bolliet.","rel":"","context":"Dans &quot;accessoires&quot;","img":{"alt_text":"","src":"https:\/\/i0.wp.com\/salonamat.com\/wp-content\/uploads\/2016\/05\/VERONIQUE-TACCHINI.jpg?resize=350%2C200","width":350,"height":200},"classes":[]},{"id":624,"url":"https:\/\/salonamat.com\/index.php\/collections\/tissus\/kbc\/","url_meta":{"origin":1059,"position":1},"title":"KBC","date":"d\u00e9cembre 18, 2015","format":false,"excerpt":"Imprimeur Allemand cha\u00eene-et-trame et maille. Femme, enfant. Coton, viscose, soie, polyester, lin, m\u00e9langes... Repr\u00e9sent\u00e9 par Paul Mestrallet.","rel":"","context":"Dans &quot;cha\u00eene et trame&quot;","img":{"alt_text":"","src":"https:\/\/i0.wp.com\/salonamat.com\/wp-content\/uploads\/2015\/12\/GAELLE-KBC-1.jpg?resize=350%2C200","width":350,"height":200},"classes":[]},{"id":4753,"url":"https:\/\/salonamat.com\/index.php\/collections\/tissus\/pontex-2\/","url_meta":{"origin":1059,"position":2},"title":"PONTEX","date":"janvier 2, 2023","format":false,"excerpt":"Italien Tissus pr\u00eats \u00e0 teindre Minima: pas de minimum pour le PAT, 300 mts pour le teint Repr\u00e9sent\u00e9e par Philippe CAZELLES","rel":"","context":"Dans &quot;cha\u00eene et trame&quot;","img":{"alt_text":"","src":"https:\/\/i0.wp.com\/salonamat.com\/wp-content\/uploads\/2023\/01\/pontex-hiver.jpg?resize=350%2C200&ssl=1","width":350,"height":200},"classes":[]},{"id":4429,"url":"https:\/\/salonamat.com\/index.php\/collections\/tissus\/fasac\/","url_meta":{"origin":1059,"position":3},"title":"FASAC","date":"juin 21, 2022","format":false,"excerpt":"Imprimeur italien. Tout type de supports, Maille et Cha\u00eene et Trame. Compositions : Soie, Coton, Polyester, Viscose. PAP et Lingerie \/ Bain. Joli choix de bases \u00e9co-responsables et recycl\u00e9es. Travail d\u2019impression \u00e0 fa\u00e7on \u00e9galement possible. Repr\u00e9sent\u00e9 par Armelle Blettner et Anne Jouve.","rel":"","context":"Dans &quot;bain&quot;","img":{"alt_text":"","src":"https:\/\/i0.wp.com\/salonamat.com\/wp-content\/uploads\/2022\/06\/FASAC-01.jpeg?resize=350%2C200&ssl=1","width":350,"height":200},"classes":[]},{"id":1786,"url":"https:\/\/salonamat.com\/index.php\/collections\/tissus\/espunto\/","url_meta":{"origin":1059,"position":4},"title":"ESPUNTO","date":"d\u00e9cembre 28, 2015","format":false,"excerpt":"Fabricant espagnol de maille fine jauge. Minima : 300 Mt. \/ pi\u00e8ce type 50 Mt. Femme, homme, enfant. Polyamide, micro modal, coton, polyester, m\u00e9langes. Repr\u00e9sent\u00e9 par Armelle Blettner.","rel":"","context":"Dans &quot;coton&quot;","img":{"alt_text":"","src":"https:\/\/i0.wp.com\/salonamat.com\/wp-content\/uploads\/2015\/12\/GUY-ESPUNTO-1.jpg?resize=350%2C200","width":350,"height":200},"classes":[]},{"id":789,"url":"https:\/\/salonamat.com\/index.php\/collections\/accessoires\/lunas\/","url_meta":{"origin":1059,"position":5},"title":"LUNAS","date":"d\u00e9cembre 22, 2015","format":false,"excerpt":"Fabricant fran\u00e7ais d'accessoires textile cr\u00e9atifs. Motifs transfert, strass, clous, broderies, flocage sur tous supports. Femme, homme, enfant Viscose, polyester, coton, polyamide. Repr\u00e9sent\u00e9 par Armelle Blettner.","rel":"","context":"Dans &quot;accessoires&quot;","img":{"alt_text":"","src":"https:\/\/i0.wp.com\/salonamat.com\/wp-content\/uploads\/2015\/12\/ARMELLE-LUNAS-1.jpg?resize=350%2C200","width":350,"height":200},"classes":[]}],"_links":{"self":[{"href":"https:\/\/salonamat.com\/index.php\/wp-json\/wp\/v2\/pages\/1059"}],"collection":[{"href":"https:\/\/salonamat.com\/index.php\/wp-json\/wp\/v2\/pages"}],"about":[{"href":"https:\/\/salonamat.com\/index.php\/wp-json\/wp\/v2\/types\/page"}],"author":[{"embeddable":true,"href":"https:\/\/salonamat.com\/index.php\/wp-json\/wp\/v2\/users\/2"}],"replies":[{"embeddable":true,"href":"https:\/\/salonamat.com\/index.php\/wp-json\/wp\/v2\/comments?post=1059"}],"version-history":[{"count":1,"href":"https:\/\/salonamat.com\/index.php\/wp-json\/wp\/v2\/pages\/1059\/revisions"}],"predecessor-version":[{"id":1758,"href":"https:\/\/salonamat.com\/index.php\/wp-json\/wp\/v2\/pages\/1059\/revisions\/1758"}],"up":[{"embeddable":true,"href":"https:\/\/salonamat.com\/index.php\/wp-json\/wp\/v2\/pages\/1216"}],"wp:attachment":[{"href":"https:\/\/salonamat.com\/index.php\/wp-json\/wp\/v2\/media?parent=1059"}],"wp:term":[{"taxonomy":"category","embeddable":true,"href":"https:\/\/salonamat.com\/index.php\/wp-json\/wp\/v2\/categories?post=1059"},{"taxonomy":"post_tag","embeddable":true,"href":"https:\/\/salonamat.com\/index.php\/wp-json\/wp\/v2\/tags?post=1059"}],"curies":[{"name":"wp","href":"https:\/\/api.w.org\/{rel}","templated":true}]}}