{"id":10510,"date":"2026-01-19T12:59:33","date_gmt":"2026-01-19T12:59:33","guid":{"rendered":"https:\/\/salonamat.com\/?page_id=10510"},"modified":"2026-01-19T12:59:33","modified_gmt":"2026-01-19T12:59:33","slug":"multipunt","status":"publish","type":"page","link":"https:\/\/salonamat.com\/index.php\/collections\/tissus\/multipunt\/","title":{"rendered":"MULTIPUNT"},"content":{"rendered":"\n<p>Fabricant Espagnol <\/p>\n\n\n\n<p> Sp\u00e9cialiste des mailles polyester grande gammes livrables \u00e0 la pi\u00e8ce petit prix <\/p>\n\n\n\n<p>Sp\u00e9cialiste imprim\u00e9s venezia<\/p>\n\n\n\n<p><\/p>\n\n\n\n<p>Repr\u00e9sent\u00e9 par<a href=\"https:\/\/salonamat.com\/index.php\/agents\/paul-mestrallet\/\"> Paul Mestrallet<\/a><\/p>\n","protected":false},"excerpt":{"rendered":"<p>Fabricant Espagnol Sp\u00e9cialiste des mailles polyester grande gammes livrables \u00e0 la pi\u00e8ce petit prix Sp\u00e9cialiste imprim\u00e9s venezia Repr\u00e9sent\u00e9 par Paul Mestrallet <a href=\"https:\/\/salonamat.com\/index.php\/collections\/tissus\/multipunt\/\" class=\"more-link\">Continuer de lire <span class=\"screen-reader-text\">MULTIPUNT<\/span><\/a><\/p>\n","protected":false},"author":3,"featured_media":0,"parent":1215,"menu_order":0,"comment_status":"closed","ping_status":"closed","template":"","meta":{"spay_email":""},"categories":[93,109,123,1,46],"tags":[],"jetpack_sharing_enabled":true,"jetpack_shortlink":"https:\/\/wp.me\/P7346W-2Jw","jetpack-related-posts":[{"id":2085,"url":"https:\/\/salonamat.com\/index.php\/collections\/tissus\/fashion-collection\/","url_meta":{"origin":10510,"position":0},"title":"FASHION COLLECTION &#8211; TMC","date":"mai 3, 2016","format":false,"excerpt":"Fashion Collection - TMC Sp\u00e9cialiste allemand d\u2019impression en transfert sur maille majoritairement polyester. Minima\u00a0: 350m Femme Polyester, Elasthanne Repr\u00e9sent\u00e9 par R\u00e9mi Oddon.","rel":"","context":"Dans &quot;cha\u00eene et trame&quot;","img":{"alt_text":"","src":"https:\/\/i0.wp.com\/salonamat.com\/wp-content\/uploads\/2016\/05\/REMI-FASHION-COLLECTION.jpg?resize=350%2C200","width":350,"height":200},"classes":[]},{"id":10121,"url":"https:\/\/salonamat.com\/index.php\/collections\/tissus\/bonbardo\/","url_meta":{"origin":10510,"position":1},"title":"BOMBARDO","date":"octobre 29, 2025","format":false,"excerpt":"Founisseur espagnol , bases polyester Cor\u00e9en et jacquards fils teints Repr\u00e9sent\u00e9 par Paul Mestrallet.","rel":"","context":"Dans &quot;jacquard&quot;","img":{"alt_text":"","src":"","width":0,"height":0},"classes":[]},{"id":5280,"url":"https:\/\/salonamat.com\/index.php\/collections\/tissus\/tejidos-rebes\/","url_meta":{"origin":10510,"position":2},"title":"TEJIDOS REBES","date":"mai 11, 2023","format":false,"excerpt":"Espagne Chaine & trame uni et imprim\u00e9 (tiss\u00e9 teint, teinture, impressions num\u00e9riques et rotatives) Coton \/ viscose \/ polyester \/ lin\u00a0 PAP homme \/ femme \/ enfant \/ v\u00eatements de travail \/ d\u00e9coration int\u00e9rieure MINIMUM DE COMMANDE : 50m + stock service Repr\u00e9sent\u00e9 par PAUL MESTRALLET","rel":"","context":"Dans &quot;ameublement&quot;","img":{"alt_text":"","src":"https:\/\/i0.wp.com\/salonamat.com\/wp-content\/uploads\/2023\/05\/rebes1.jpg?resize=350%2C200&ssl=1","width":350,"height":200},"classes":[]},{"id":626,"url":"https:\/\/salonamat.com\/index.php\/collections\/accessoires\/mode-harmony\/","url_meta":{"origin":10510,"position":3},"title":"MODE HARMONY","date":"d\u00e9cembre 18, 2015","format":false,"excerpt":"Fabricant fran\u00e7ais de boutons \u00e0 coudre. Femme, homme, enfant. Zamac, nylon, polyester, corozo... Repr\u00e9sent\u00e9 par Gaelle Grisard.","rel":"","context":"Dans &quot;accessoires&quot;","img":{"alt_text":"","src":"https:\/\/i0.wp.com\/salonamat.com\/wp-content\/uploads\/2015\/12\/GAELLE-MODE-HARMONY-1.jpg?resize=350%2C200","width":350,"height":200},"classes":[]},{"id":10120,"url":"https:\/\/salonamat.com\/index.php\/collections\/tissus\/bcn\/","url_meta":{"origin":10510,"position":4},"title":"BCN","date":"octobre 29, 2025","format":false,"excerpt":"Fabricant turc de tissus cha\u00eene-et-trame en poly viscose ea Polyester, \u00e9lasthanne, viscose... Repr\u00e9sent\u00e9 par Paul Mestrallet.","rel":"","context":"Dans &quot;cha\u00eene et trame&quot;","img":{"alt_text":"","src":"","width":0,"height":0},"classes":[]},{"id":995,"url":"https:\/\/salonamat.com\/index.php\/collections\/tissus\/nencini\/","url_meta":{"origin":10510,"position":5},"title":"NENCINI","date":"d\u00e9cembre 24, 2015","format":false,"excerpt":"Fabricant italien de lainage jacquard fantaisie. Minima : 200 Mt Femme. Polyester, acrylique, laine, m\u00e9langes. Repr\u00e9sent\u00e9 par V\u00e9ronique P\u00e9pin Bolliet.","rel":"","context":"Dans &quot;acrylique&quot;","img":{"alt_text":"","src":"https:\/\/i0.wp.com\/salonamat.com\/wp-content\/uploads\/2015\/12\/VERONIQUE-NENCINI-1.jpg?resize=350%2C200","width":350,"height":200},"classes":[]}],"_links":{"self":[{"href":"https:\/\/salonamat.com\/index.php\/wp-json\/wp\/v2\/pages\/10510"}],"collection":[{"href":"https:\/\/salonamat.com\/index.php\/wp-json\/wp\/v2\/pages"}],"about":[{"href":"https:\/\/salonamat.com\/index.php\/wp-json\/wp\/v2\/types\/page"}],"author":[{"embeddable":true,"href":"https:\/\/salonamat.com\/index.php\/wp-json\/wp\/v2\/users\/3"}],"replies":[{"embeddable":true,"href":"https:\/\/salonamat.com\/index.php\/wp-json\/wp\/v2\/comments?post=10510"}],"version-history":[{"count":1,"href":"https:\/\/salonamat.com\/index.php\/wp-json\/wp\/v2\/pages\/10510\/revisions"}],"predecessor-version":[{"id":10511,"href":"https:\/\/salonamat.com\/index.php\/wp-json\/wp\/v2\/pages\/10510\/revisions\/10511"}],"up":[{"embeddable":true,"href":"https:\/\/salonamat.com\/index.php\/wp-json\/wp\/v2\/pages\/1215"}],"wp:attachment":[{"href":"https:\/\/salonamat.com\/index.php\/wp-json\/wp\/v2\/media?parent=10510"}],"wp:term":[{"taxonomy":"category","embeddable":true,"href":"https:\/\/salonamat.com\/index.php\/wp-json\/wp\/v2\/categories?post=10510"},{"taxonomy":"post_tag","embeddable":true,"href":"https:\/\/salonamat.com\/index.php\/wp-json\/wp\/v2\/tags?post=10510"}],"curies":[{"name":"wp","href":"https:\/\/api.w.org\/{rel}","templated":true}]}}