{"id":1041,"date":"2015-12-25T10:23:05","date_gmt":"2015-12-25T10:23:05","guid":{"rendered":"http:\/\/salongeatra.com\/?page_id=1041"},"modified":"2023-05-25T10:38:24","modified_gmt":"2023-05-25T10:38:24","slug":"tdi","status":"publish","type":"page","link":"https:\/\/salonamat.com\/index.php\/collections\/tissus\/tdi\/","title":{"rendered":"TDI"},"content":{"rendered":"<div class=\"entry-content\">\n<p>Fabricant autrichien de jersey coton imprim\u00e9 pour lingerie nuit.<\/p>\n<p>Minima : 300 Mt.<\/p>\n<\/div>\n<div class=\"entry-content\">\n<p>Femme, homme.<\/p>\n<p>Coton, \u00e9lasthanne.<\/p>\n<\/div>\n<p align=\"LEFT\">Repr\u00e9sent\u00e9 par <a href=\"http:\/\/salonamat.com\/index.php\/agents\/remi-oddon\/\">R\u00e9mi Oddon<\/a>.<\/p>\n<p class=\"jetpack-slideshow-noscript robots-nocontent\">Ce diaporama n\u00e9cessite JavaScript.<\/p><div id=\"gallery-1041-1-slideshow\" class=\"jetpack-slideshow-window jetpack-slideshow jetpack-slideshow-black\" data-trans=\"fade\" data-autostart=\"1\" data-gallery=\"[{&quot;src&quot;:&quot;https:\\\/\\\/i0.wp.com\\\/salonamat.com\\\/wp-content\\\/uploads\\\/2015\\\/12\\\/REMI-TDI.jpg?fit=720%2C480\\u0026ssl=1&quot;,&quot;id&quot;:&quot;1536&quot;,&quot;title&quot;:&quot;REMI-TDI&quot;,&quot;alt&quot;:&quot;&quot;,&quot;caption&quot;:&quot;&quot;,&quot;itemprop&quot;:&quot;image&quot;},{&quot;src&quot;:&quot;https:\\\/\\\/i0.wp.com\\\/salonamat.com\\\/wp-content\\\/uploads\\\/2016\\\/05\\\/REMI-TDI-2.jpg?fit=720%2C480\\u0026ssl=1&quot;,&quot;id&quot;:&quot;2004&quot;,&quot;title&quot;:&quot;REMI-TDI-2&quot;,&quot;alt&quot;:&quot;&quot;,&quot;caption&quot;:&quot;&quot;,&quot;itemprop&quot;:&quot;image&quot;},{&quot;src&quot;:&quot;https:\\\/\\\/i0.wp.com\\\/salonamat.com\\\/wp-content\\\/uploads\\\/2016\\\/05\\\/REMI-TDI-3.jpg?fit=720%2C480\\u0026ssl=1&quot;,&quot;id&quot;:&quot;2005&quot;,&quot;title&quot;:&quot;REMI-TDI-3&quot;,&quot;alt&quot;:&quot;&quot;,&quot;caption&quot;:&quot;&quot;,&quot;itemprop&quot;:&quot;image&quot;}]\" itemscope itemtype=\"https:\/\/schema.org\/ImageGallery\"><\/div>\n","protected":false},"excerpt":{"rendered":"<p>Fabricant autrichien de jersey coton imprim\u00e9 pour lingerie nuit. Minima : 300 Mt. Femme, homme. Coton, \u00e9lasthanne. Repr\u00e9sent\u00e9 par R\u00e9mi Oddon. <a href=\"https:\/\/salonamat.com\/index.php\/collections\/tissus\/tdi\/\" class=\"more-link\">Continuer de lire <span class=\"screen-reader-text\">TDI<\/span><\/a><\/p>\n","protected":false},"author":3,"featured_media":0,"parent":1215,"menu_order":0,"comment_status":"closed","ping_status":"closed","template":"","meta":{"spay_email":""},"categories":[79,84,87,24,28,93,204,31,113,191,39,46],"tags":[],"jetpack_sharing_enabled":true,"jetpack_shortlink":"https:\/\/wp.me\/P7346W-gN","jetpack-related-posts":[{"id":2384,"url":"https:\/\/salonamat.com\/index.php\/collections\/tissus\/trouillet\/","url_meta":{"origin":1041,"position":0},"title":"TROUILLET","date":"septembre 4, 2018","format":false,"excerpt":"Fabricant fran\u00e7ais de tissus fantaisie, armur\u00e9s, tiss\u00e9s-teints, cha\u00eene et trame. Femme, Enfant Minima : 300 Mt Compositions : poly-cotons\/viscose, 100% coton, 100% viscose, viscose\/\u00e9lasthanne. Repr\u00e9sent\u00e9 par Lionel Roblet.","rel":"","context":"Dans &quot;cha\u00eene et trame&quot;","img":{"alt_text":"","src":"https:\/\/i0.wp.com\/salonamat.com\/wp-content\/uploads\/2018\/09\/LYDIE-TROUILLET-ANGIE.jpg?resize=350%2C200","width":350,"height":200},"classes":[]},{"id":2074,"url":"https:\/\/salonamat.com\/index.php\/collections\/tissus\/vandelden\/","url_meta":{"origin":1041,"position":1},"title":"VANDELDEN","date":"mai 3, 2016","format":false,"excerpt":"Fabricant allemand de tissus pour pantalon, unis et fantaisie. Femme, homme. Minima : 1000 Mt. Compositions : coton, coton \/ \u00e9lasthanne. Maison repr\u00e9sent\u00e9e par Fran\u00e7ois Chandelier.","rel":"","context":"Dans &quot;cha\u00eene et trame&quot;","img":{"alt_text":"","src":"","width":0,"height":0},"classes":[]},{"id":4767,"url":"https:\/\/salonamat.com\/index.php\/collections\/tissus\/tiba\/","url_meta":{"origin":1041,"position":2},"title":"TIBA","date":"janvier 2, 2023","format":false,"excerpt":"Italie Tissus ind\u00e9maillables, maille circulaire et tissus 3D Jersey\/ Interlock Minima: 70 Mts Repr\u00e9sent\u00e9e par Philippe CAZELLES","rel":"","context":"Dans &quot;acrylique&quot;","img":{"alt_text":"","src":"https:\/\/i0.wp.com\/salonamat.com\/wp-content\/uploads\/2023\/01\/tiba-2.jpeg?resize=350%2C200","width":350,"height":200},"classes":[]},{"id":864,"url":"https:\/\/salonamat.com\/index.php\/collections\/tissus\/rsp-51\/","url_meta":{"origin":1041,"position":3},"title":"RSP 51","date":"d\u00e9cembre 22, 2015","format":false,"excerpt":"Fabricant espagnol de denim pour chemises, pantalons et robes. Minima : 500 mt. Femme, homme, enfant. Coton, \u00e9lasthanne, tencel. Repr\u00e9sent\u00e9 par Paul Mestrallet.","rel":"","context":"Dans &quot;cha\u00eene et trame&quot;","img":{"alt_text":"","src":"https:\/\/i0.wp.com\/salonamat.com\/wp-content\/uploads\/2015\/12\/PAUL-RSP51-1.jpg?resize=350%2C200","width":350,"height":200},"classes":[]},{"id":997,"url":"https:\/\/salonamat.com\/index.php\/collections\/tissus\/alfa-fi\/","url_meta":{"origin":1041,"position":4},"title":"ALFA-FI","date":"d\u00e9cembre 24, 2015","format":false,"excerpt":"Fabricant italien de cha\u00eene-et-trame, tiss\u00e9s classiques. Minima : 300 Mt Femme, homme. Coton, polyester, \u00e9lasthanne, laine, m\u00e9langes. Repr\u00e9sent\u00e9 par V\u00e9ronique P\u00e9pin Bolliet. \u00a0","rel":"","context":"Dans &quot;cha\u00eene et trame&quot;","img":{"alt_text":"","src":"https:\/\/i0.wp.com\/salonamat.com\/wp-content\/uploads\/2015\/12\/VERONIQUE-ALFA-FI-1.jpg?resize=350%2C200","width":350,"height":200},"classes":[]},{"id":634,"url":"https:\/\/salonamat.com\/index.php\/collections\/tissus\/deveaux\/","url_meta":{"origin":1041,"position":5},"title":"DEVEAUX","date":"d\u00e9cembre 18, 2015","format":false,"excerpt":"Imprimeur fran\u00e7ais de tissus cha\u00eene-et-trame & maille. Rotatif, jet d'encre. Jacquard cha\u00eene-et-trame et maille, fantaisie, maille fils teints. Femme, homme, enfant. D\u00e9veloppements personnalis\u00e9s. Coton, viscose, polyester, acrylique, laine, lin, \u00e9lasthanne... Repr\u00e9sent\u00e9 par Christine Deporte.","rel":"","context":"Dans &quot;acrylique&quot;","img":{"alt_text":"","src":"https:\/\/i0.wp.com\/salonamat.com\/wp-content\/uploads\/2015\/12\/CHRISTINE-DEVEAUX-01-1.jpg?resize=350%2C200","width":350,"height":200},"classes":[]}],"_links":{"self":[{"href":"https:\/\/salonamat.com\/index.php\/wp-json\/wp\/v2\/pages\/1041"}],"collection":[{"href":"https:\/\/salonamat.com\/index.php\/wp-json\/wp\/v2\/pages"}],"about":[{"href":"https:\/\/salonamat.com\/index.php\/wp-json\/wp\/v2\/types\/page"}],"author":[{"embeddable":true,"href":"https:\/\/salonamat.com\/index.php\/wp-json\/wp\/v2\/users\/3"}],"replies":[{"embeddable":true,"href":"https:\/\/salonamat.com\/index.php\/wp-json\/wp\/v2\/comments?post=1041"}],"version-history":[{"count":2,"href":"https:\/\/salonamat.com\/index.php\/wp-json\/wp\/v2\/pages\/1041\/revisions"}],"predecessor-version":[{"id":2070,"href":"https:\/\/salonamat.com\/index.php\/wp-json\/wp\/v2\/pages\/1041\/revisions\/2070"}],"up":[{"embeddable":true,"href":"https:\/\/salonamat.com\/index.php\/wp-json\/wp\/v2\/pages\/1215"}],"wp:attachment":[{"href":"https:\/\/salonamat.com\/index.php\/wp-json\/wp\/v2\/media?parent=1041"}],"wp:term":[{"taxonomy":"category","embeddable":true,"href":"https:\/\/salonamat.com\/index.php\/wp-json\/wp\/v2\/categories?post=1041"},{"taxonomy":"post_tag","embeddable":true,"href":"https:\/\/salonamat.com\/index.php\/wp-json\/wp\/v2\/tags?post=1041"}],"curies":[{"name":"wp","href":"https:\/\/api.w.org\/{rel}","templated":true}]}}