{"id":1024,"date":"2015-12-25T09:34:02","date_gmt":"2015-12-25T09:34:02","guid":{"rendered":"http:\/\/salongeatra.com\/?page_id=1024"},"modified":"2015-12-27T19:14:37","modified_gmt":"2015-12-27T19:14:37","slug":"toray","status":"publish","type":"page","link":"https:\/\/salonamat.com\/index.php\/collections\/tissus\/toray\/","title":{"rendered":"TORAY"},"content":{"rendered":"<div class=\"entry-content\">\n<p>Fabricant anglais de cha\u00eene-et-trame pour le m\u00e9dical, l&#8217;industrie, le v\u00eatement de travail.<\/p>\n<p>Minima : 500 Mt.<\/p>\n<\/div>\n<div class=\"entry-content\">\n<p>Femme, homme.<\/p>\n<p>Polyester, polyamide, aramide, carbone.<\/p>\n<\/div>\n<p align=\"LEFT\">Repr\u00e9sent\u00e9 par <a href=\"http:\/\/salonamat.com\/index.php\/agents\/francois-chandelier\/\">Fran\u00e7ois Chandelier<\/a>.<\/p>\n","protected":false},"excerpt":{"rendered":"<p>Fabricant anglais de cha\u00eene-et-trame pour le m\u00e9dical, l&#8217;industrie, le v\u00eatement de travail. Minima : 500 Mt. Femme, homme. Polyester, polyamide, aramide, carbone. Repr\u00e9sent\u00e9 par Fran\u00e7ois Chandelier. <a href=\"https:\/\/salonamat.com\/index.php\/collections\/tissus\/toray\/\" class=\"more-link\">Continuer de lire <span class=\"screen-reader-text\">TORAY<\/span><\/a><\/p>\n","protected":false},"author":2,"featured_media":0,"parent":1215,"menu_order":0,"comment_status":"closed","ping_status":"closed","template":"","meta":{"spay_email":""},"categories":[66,70,73,24,28,121,123,46,50],"tags":[],"jetpack_sharing_enabled":true,"jetpack_shortlink":"https:\/\/wp.me\/P7346W-gw","jetpack-related-posts":[{"id":4772,"url":"https:\/\/salonamat.com\/index.php\/collections\/tissus\/olmetex\/","url_meta":{"origin":1024,"position":0},"title":"OLMETEX","date":"janvier 2, 2023","format":false,"excerpt":"Italie Tissus techniques Minima: 200 mts minimum Repr\u00e9sent\u00e9e par Philippe CAZELLES","rel":"","context":"Dans &quot;cha\u00eene et trame&quot;","img":{"alt_text":"","src":"https:\/\/i0.wp.com\/salonamat.com\/wp-content\/uploads\/2023\/01\/OLMETEX-2.jpeg?resize=350%2C200&ssl=1","width":350,"height":200},"classes":[]},{"id":827,"url":"https:\/\/salonamat.com\/index.php\/collections\/tissus\/knipidee\/","url_meta":{"origin":1024,"position":1},"title":"KNIPIDEE","date":"d\u00e9cembre 22, 2015","format":false,"excerpt":"Importateur n\u00e9erlandais de tissus cha\u00eene-et-trame et maille. Minima : 15 mt sur stock. Femme, homme, enfant. Toutes compositions. Petites quantit\u00e9s. Repr\u00e9sent\u00e9 par V\u00e9ronique PEPIN BOLLIET","rel":"","context":"Dans &quot;ac\u00e9tate&quot;","img":{"alt_text":"","src":"https:\/\/i0.wp.com\/salonamat.com\/wp-content\/uploads\/2015\/12\/ANNE-KNIPIDEE-1.jpg?resize=350%2C200","width":350,"height":200},"classes":[]},{"id":3989,"url":"https:\/\/salonamat.com\/index.php\/collections\/tissus\/frizza\/","url_meta":{"origin":1024,"position":2},"title":"FRIZZA","date":"d\u00e9cembre 28, 2021","format":false,"excerpt":"Soci\u00e9t\u00e9 italienne proposant des tissus d\u2019habillement techniques et de hautes performances\u00a0: polyamide, polyester et m\u00e9langes, polaire et recycl\u00e9s. Finissages sp\u00e9ciaux\u00a0: enduits, laqu\u00e9s, imperm\u00e9ables, respirants. Soci\u00e9t\u00e9 repr\u00e9sent\u00e9e par Sylvie BUSSEUIL.","rel":"","context":"Dans &quot;cha\u00eene et trame&quot;","img":{"alt_text":"","src":"https:\/\/i0.wp.com\/salonamat.com\/wp-content\/uploads\/2021\/12\/FRIZZA-2.jpg?resize=350%2C200&ssl=1","width":350,"height":200},"classes":[]},{"id":3976,"url":"https:\/\/salonamat.com\/index.php\/collections\/tissus\/my-way\/","url_meta":{"origin":1024,"position":3},"title":"MY WAY","date":"d\u00e9cembre 28, 2021","format":false,"excerpt":"Importateur europ\u00e9en de tissus cha\u00eene et trame, maille et broderies PAP Femme Grande Diffusion Pas de minimum Compositions\u00a0: polyester, polyamide, coton, viscose, lin et m\u00e9langes Repr\u00e9sent\u00e9 par Sylvie BUSSEUIL.","rel":"","context":"Dans &quot;cha\u00eene et trame&quot;","img":{"alt_text":"","src":"https:\/\/i0.wp.com\/salonamat.com\/wp-content\/uploads\/2021\/12\/MY-WAY-1.jpg?resize=350%2C200&ssl=1","width":350,"height":200},"classes":[]},{"id":1045,"url":"https:\/\/salonamat.com\/index.php\/collections\/tissus\/nooteboom-textiles\/","url_meta":{"origin":1024,"position":4},"title":"NOOTEBOOM","date":"d\u00e9cembre 25, 2015","format":false,"excerpt":"Importateur n\u00e9erlandais de tissus fantaisie pour la confection de v\u00eatements. Pr\u00eat \u00e0 Porter F\u00e9minin, Enfant, Homme, v\u00eatement professionnel, vente au m\u00e8tre en ligne et en boutique Minimum de commande: 12 m Repr\u00e9sent\u00e9 R\u00e9mi Oddon.","rel":"","context":"Dans &quot;ameublement&quot;","img":{"alt_text":"","src":"https:\/\/i0.wp.com\/salonamat.com\/wp-content\/uploads\/2015\/12\/REMI-NOOTEBOOM-TEXTILES.jpg?resize=350%2C200","width":350,"height":200},"classes":[]},{"id":4757,"url":"https:\/\/salonamat.com\/index.php\/collections\/tissus\/new-junior\/","url_meta":{"origin":1024,"position":5},"title":"NEW JUNIOR","date":"janvier 2, 2023","format":false,"excerpt":"Espagne Femme\/ homme Sportswear Minima: \u00a0Pas de minimum pour le PAT, 300 mts pour le teint Repr\u00e9sent\u00e9e par Philippe CAZELLES","rel":"","context":"Dans &quot;cha\u00eene et trame&quot;","img":{"alt_text":"","src":"","width":0,"height":0},"classes":[]}],"_links":{"self":[{"href":"https:\/\/salonamat.com\/index.php\/wp-json\/wp\/v2\/pages\/1024"}],"collection":[{"href":"https:\/\/salonamat.com\/index.php\/wp-json\/wp\/v2\/pages"}],"about":[{"href":"https:\/\/salonamat.com\/index.php\/wp-json\/wp\/v2\/types\/page"}],"author":[{"embeddable":true,"href":"https:\/\/salonamat.com\/index.php\/wp-json\/wp\/v2\/users\/2"}],"replies":[{"embeddable":true,"href":"https:\/\/salonamat.com\/index.php\/wp-json\/wp\/v2\/comments?post=1024"}],"version-history":[{"count":1,"href":"https:\/\/salonamat.com\/index.php\/wp-json\/wp\/v2\/pages\/1024\/revisions"}],"predecessor-version":[{"id":1686,"href":"https:\/\/salonamat.com\/index.php\/wp-json\/wp\/v2\/pages\/1024\/revisions\/1686"}],"up":[{"embeddable":true,"href":"https:\/\/salonamat.com\/index.php\/wp-json\/wp\/v2\/pages\/1215"}],"wp:attachment":[{"href":"https:\/\/salonamat.com\/index.php\/wp-json\/wp\/v2\/media?parent=1024"}],"wp:term":[{"taxonomy":"category","embeddable":true,"href":"https:\/\/salonamat.com\/index.php\/wp-json\/wp\/v2\/categories?post=1024"},{"taxonomy":"post_tag","embeddable":true,"href":"https:\/\/salonamat.com\/index.php\/wp-json\/wp\/v2\/tags?post=1024"}],"curies":[{"name":"wp","href":"https:\/\/api.w.org\/{rel}","templated":true}]}}