{"id":10124,"date":"2025-10-29T14:49:27","date_gmt":"2025-10-29T14:49:27","guid":{"rendered":"https:\/\/salonamat.com\/?page_id=10124"},"modified":"2025-10-29T14:49:46","modified_gmt":"2025-10-29T14:49:46","slug":"zertex","status":"publish","type":"page","link":"https:\/\/salonamat.com\/index.php\/collections\/tissus\/zertex\/","title":{"rendered":"ZERTEX"},"content":{"rendered":"\n<p>Grossiste parisien articles grand import<\/p>\n\n\n\n<p><\/p>\n\n\n\n<p>Repr\u00e9sent\u00e9 par <a href=\"https:\/\/salonamat.com\/index.php\/agents\/paul-mestrallet\/\">Paul Mestrallet<\/a>.<\/p>\n","protected":false},"excerpt":{"rendered":"<p>Grossiste parisien articles grand import Repr\u00e9sent\u00e9 par Paul Mestrallet. <a href=\"https:\/\/salonamat.com\/index.php\/collections\/tissus\/zertex\/\" class=\"more-link\">Continuer de lire <span class=\"screen-reader-text\">ZERTEX<\/span><\/a><\/p>\n","protected":false},"author":3,"featured_media":0,"parent":1215,"menu_order":0,"comment_status":"closed","ping_status":"closed","template":"","meta":{"spay_email":""},"categories":[44,1,46],"tags":[],"jetpack_sharing_enabled":true,"jetpack_shortlink":"https:\/\/wp.me\/P7346W-2Di","jetpack-related-posts":[{"id":10121,"url":"https:\/\/salonamat.com\/index.php\/collections\/tissus\/bonbardo\/","url_meta":{"origin":10124,"position":0},"title":"BOMBARDO","date":"octobre 29, 2025","format":false,"excerpt":"Founisseur espagnol , bases polyester Cor\u00e9en et jacquards fils teints Repr\u00e9sent\u00e9 par Paul Mestrallet.","rel":"","context":"Dans &quot;jacquard&quot;","img":{"alt_text":"","src":"","width":0,"height":0},"classes":[]},{"id":10123,"url":"https:\/\/salonamat.com\/index.php\/collections\/tissus\/sem-miroglio\/","url_meta":{"origin":10124,"position":1},"title":"SEM MIROGLIO","date":"octobre 29, 2025","format":false,"excerpt":"Fournisseur Italien. Impressions en maille & chaine & trame Repr\u00e9sent\u00e9 par Paul Mestrallet.","rel":"","context":"Dans &quot;cha\u00eene et trame&quot;","img":{"alt_text":"","src":"","width":0,"height":0},"classes":[]},{"id":10120,"url":"https:\/\/salonamat.com\/index.php\/collections\/tissus\/bcn\/","url_meta":{"origin":10124,"position":2},"title":"BCN","date":"octobre 29, 2025","format":false,"excerpt":"Fabricant turc de tissus cha\u00eene-et-trame en poly viscose ea Polyester, \u00e9lasthanne, viscose... Repr\u00e9sent\u00e9 par Paul Mestrallet.","rel":"","context":"Dans &quot;cha\u00eene et trame&quot;","img":{"alt_text":"","src":"","width":0,"height":0},"classes":[]},{"id":10510,"url":"https:\/\/salonamat.com\/index.php\/collections\/tissus\/multipunt\/","url_meta":{"origin":10124,"position":3},"title":"MULTIPUNT","date":"janvier 19, 2026","format":false,"excerpt":"Fabricant Espagnol Sp\u00e9cialiste des mailles polyester grande gammes livrables \u00e0 la pi\u00e8ce petit prix Sp\u00e9cialiste imprim\u00e9s venezia Repr\u00e9sent\u00e9 par Paul Mestrallet","rel":"","context":"Dans &quot;imprimeur&quot;","img":{"alt_text":"","src":"","width":0,"height":0},"classes":[]},{"id":10122,"url":"https:\/\/salonamat.com\/index.php\/collections\/tissus\/selvi\/","url_meta":{"origin":10124,"position":4},"title":"SELVI","date":"octobre 29, 2025","format":false,"excerpt":"fournisseur espagnol de bases coton avec ou sans ea , m\u00e9langes avec viscose et lin , pour le sportswear Repr\u00e9sent\u00e9 par Paul Mestrallet.","rel":"","context":"Dans &quot;coton&quot;","img":{"alt_text":"","src":"","width":0,"height":0},"classes":[]},{"id":5280,"url":"https:\/\/salonamat.com\/index.php\/collections\/tissus\/tejidos-rebes\/","url_meta":{"origin":10124,"position":5},"title":"TEJIDOS REBES","date":"mai 11, 2023","format":false,"excerpt":"Espagne Chaine & trame uni et imprim\u00e9 (tiss\u00e9 teint, teinture, impressions num\u00e9riques et rotatives) Coton \/ viscose \/ polyester \/ lin\u00a0 PAP homme \/ femme \/ enfant \/ v\u00eatements de travail \/ d\u00e9coration int\u00e9rieure MINIMUM DE COMMANDE : 50m + stock service Repr\u00e9sent\u00e9 par PAUL MESTRALLET","rel":"","context":"Dans &quot;ameublement&quot;","img":{"alt_text":"","src":"https:\/\/i0.wp.com\/salonamat.com\/wp-content\/uploads\/2023\/05\/rebes1.jpg?resize=350%2C200&ssl=1","width":350,"height":200},"classes":[]}],"_links":{"self":[{"href":"https:\/\/salonamat.com\/index.php\/wp-json\/wp\/v2\/pages\/10124"}],"collection":[{"href":"https:\/\/salonamat.com\/index.php\/wp-json\/wp\/v2\/pages"}],"about":[{"href":"https:\/\/salonamat.com\/index.php\/wp-json\/wp\/v2\/types\/page"}],"author":[{"embeddable":true,"href":"https:\/\/salonamat.com\/index.php\/wp-json\/wp\/v2\/users\/3"}],"replies":[{"embeddable":true,"href":"https:\/\/salonamat.com\/index.php\/wp-json\/wp\/v2\/comments?post=10124"}],"version-history":[{"count":1,"href":"https:\/\/salonamat.com\/index.php\/wp-json\/wp\/v2\/pages\/10124\/revisions"}],"predecessor-version":[{"id":10137,"href":"https:\/\/salonamat.com\/index.php\/wp-json\/wp\/v2\/pages\/10124\/revisions\/10137"}],"up":[{"embeddable":true,"href":"https:\/\/salonamat.com\/index.php\/wp-json\/wp\/v2\/pages\/1215"}],"wp:attachment":[{"href":"https:\/\/salonamat.com\/index.php\/wp-json\/wp\/v2\/media?parent=10124"}],"wp:term":[{"taxonomy":"category","embeddable":true,"href":"https:\/\/salonamat.com\/index.php\/wp-json\/wp\/v2\/categories?post=10124"},{"taxonomy":"post_tag","embeddable":true,"href":"https:\/\/salonamat.com\/index.php\/wp-json\/wp\/v2\/tags?post=10124"}],"curies":[{"name":"wp","href":"https:\/\/api.w.org\/{rel}","templated":true}]}}