{"id":10121,"date":"2025-10-29T14:40:15","date_gmt":"2025-10-29T14:40:15","guid":{"rendered":"https:\/\/salonamat.com\/?page_id=10121"},"modified":"2025-10-29T14:52:17","modified_gmt":"2025-10-29T14:52:17","slug":"bonbardo","status":"publish","type":"page","link":"https:\/\/salonamat.com\/index.php\/collections\/tissus\/bonbardo\/","title":{"rendered":"BOMBARDO"},"content":{"rendered":"\n<p>Founisseur espagnol , bases polyester Cor\u00e9en et jacquards fils teints<\/p>\n\n\n\n<p><\/p>\n\n\n\n<p>Repr\u00e9sent\u00e9 par <a href=\"https:\/\/salonamat.com\/index.php\/agents\/paul-mestrallet\/\">Paul Mestrallet<\/a>.<\/p>\n","protected":false},"excerpt":{"rendered":"<p>Founisseur espagnol , bases polyester Cor\u00e9en et jacquards fils teints Repr\u00e9sent\u00e9 par Paul Mestrallet. <a href=\"https:\/\/salonamat.com\/index.php\/collections\/tissus\/bonbardo\/\" class=\"more-link\">Continuer de lire <span class=\"screen-reader-text\">BOMBARDO<\/span><\/a><\/p>\n","protected":false},"author":3,"featured_media":0,"parent":1215,"menu_order":0,"comment_status":"closed","ping_status":"closed","template":"","meta":{"spay_email":""},"categories":[144,123,1,46,49],"tags":[],"jetpack_sharing_enabled":true,"jetpack_shortlink":"https:\/\/wp.me\/P7346W-2Df","jetpack-related-posts":[{"id":10120,"url":"https:\/\/salonamat.com\/index.php\/collections\/tissus\/bcn\/","url_meta":{"origin":10121,"position":0},"title":"BCN","date":"octobre 29, 2025","format":false,"excerpt":"Fabricant turc de tissus cha\u00eene-et-trame en poly viscose ea Polyester, \u00e9lasthanne, viscose... Repr\u00e9sent\u00e9 par Paul Mestrallet.","rel":"","context":"Dans &quot;cha\u00eene et trame&quot;","img":{"alt_text":"","src":"","width":0,"height":0},"classes":[]},{"id":2076,"url":"https:\/\/salonamat.com\/index.php\/collections\/tissus\/koppermann\/","url_meta":{"origin":10121,"position":1},"title":"KOPPERMANN","date":"mai 3, 2016","format":false,"excerpt":"Fabricant allemand de tissus pr\u00eat-pour-impression. Femme. Minima : 1000 Mt. Compositions : coton, viscose, polyester, m\u00e9langes. Maison repr\u00e9sent\u00e9e par Fran\u00e7ois Chandelier.","rel":"","context":"Dans &quot;cha\u00eene et trame&quot;","img":{"alt_text":"","src":"","width":0,"height":0},"classes":[]},{"id":796,"url":"https:\/\/salonamat.com\/index.php\/collections\/tissus\/eurostick\/","url_meta":{"origin":10121,"position":2},"title":"EUROSTICK","date":"d\u00e9cembre 22, 2015","format":false,"excerpt":"Fabricant italien de tissus \/ ennoblisseur : pliss\u00e9, lamin\u00e9, contrecoll\u00e9s avec ou sans mousse, floqu\u00e9, imprim\u00e9... Femme. Polyester, viscose, modal, polyamide. Repr\u00e9sent\u00e9 par Armelle Blettner.","rel":"","context":"Dans &quot;cha\u00eene et trame&quot;","img":{"alt_text":"","src":"https:\/\/i0.wp.com\/salonamat.com\/wp-content\/uploads\/2015\/12\/ARMELLE-EUROSTICK-1.jpg?resize=350%2C200","width":350,"height":200},"classes":[]},{"id":2019,"url":"https:\/\/salonamat.com\/index.php\/collections\/tissus\/modastyle\/","url_meta":{"origin":10121,"position":3},"title":"MODASTYLE","date":"mai 3, 2016","format":false,"excerpt":"Fabricant fran\u00e7ais de tissus maille. Unis, imprim\u00e9s sur jersey, r\u00e9silles... Minima : 300 Mt. Compositions : coton, polyester, m\u00e9langes, viscose\/\u00e9lasthanne, poly-coton. Repr\u00e9sent\u00e9 par Mehdi Lagrou.","rel":"","context":"Dans &quot;coton&quot;","img":{"alt_text":"","src":"https:\/\/i0.wp.com\/salonamat.com\/wp-content\/uploads\/2016\/05\/MEDHI-MODASTYLE.jpg?resize=350%2C200","width":350,"height":200},"classes":[]},{"id":2085,"url":"https:\/\/salonamat.com\/index.php\/collections\/tissus\/fashion-collection\/","url_meta":{"origin":10121,"position":4},"title":"FASHION COLLECTION &#8211; TMC","date":"mai 3, 2016","format":false,"excerpt":"Fashion Collection - TMC Sp\u00e9cialiste allemand d\u2019impression en transfert sur maille majoritairement polyester. Minima\u00a0: 350m Femme Polyester, Elasthanne Repr\u00e9sent\u00e9 par R\u00e9mi Oddon.","rel":"","context":"Dans &quot;cha\u00eene et trame&quot;","img":{"alt_text":"","src":"https:\/\/i0.wp.com\/salonamat.com\/wp-content\/uploads\/2016\/05\/REMI-FASHION-COLLECTION.jpg?resize=350%2C200","width":350,"height":200},"classes":[]},{"id":971,"url":"https:\/\/salonamat.com\/index.php\/collections\/tissus\/infinity-codice\/","url_meta":{"origin":10121,"position":5},"title":"INFINITY CODICE","date":"d\u00e9cembre 24, 2015","format":false,"excerpt":"Fabricant italien de tissus cha\u00eene-et-trame coton, d\u00e9lav\u00e9 aspect cuir, effet jean... Femme, homme. Minima : 300 Mt Coton, polyester, m\u00e9langes. Repr\u00e9sent\u00e9 par Marc Cazelles.","rel":"","context":"Dans &quot;cha\u00eene et trame&quot;","img":{"alt_text":"","src":"https:\/\/i0.wp.com\/salonamat.com\/wp-content\/uploads\/2015\/12\/MARC-INFINITY-CODICE-1.jpg?resize=350%2C200","width":350,"height":200},"classes":[]}],"_links":{"self":[{"href":"https:\/\/salonamat.com\/index.php\/wp-json\/wp\/v2\/pages\/10121"}],"collection":[{"href":"https:\/\/salonamat.com\/index.php\/wp-json\/wp\/v2\/pages"}],"about":[{"href":"https:\/\/salonamat.com\/index.php\/wp-json\/wp\/v2\/types\/page"}],"author":[{"embeddable":true,"href":"https:\/\/salonamat.com\/index.php\/wp-json\/wp\/v2\/users\/3"}],"replies":[{"embeddable":true,"href":"https:\/\/salonamat.com\/index.php\/wp-json\/wp\/v2\/comments?post=10121"}],"version-history":[{"count":2,"href":"https:\/\/salonamat.com\/index.php\/wp-json\/wp\/v2\/pages\/10121\/revisions"}],"predecessor-version":[{"id":10144,"href":"https:\/\/salonamat.com\/index.php\/wp-json\/wp\/v2\/pages\/10121\/revisions\/10144"}],"up":[{"embeddable":true,"href":"https:\/\/salonamat.com\/index.php\/wp-json\/wp\/v2\/pages\/1215"}],"wp:attachment":[{"href":"https:\/\/salonamat.com\/index.php\/wp-json\/wp\/v2\/media?parent=10121"}],"wp:term":[{"taxonomy":"category","embeddable":true,"href":"https:\/\/salonamat.com\/index.php\/wp-json\/wp\/v2\/categories?post=10121"},{"taxonomy":"post_tag","embeddable":true,"href":"https:\/\/salonamat.com\/index.php\/wp-json\/wp\/v2\/tags?post=10121"}],"curies":[{"name":"wp","href":"https:\/\/api.w.org\/{rel}","templated":true}]}}