{"id":10120,"date":"2025-10-29T13:17:01","date_gmt":"2025-10-29T13:17:01","guid":{"rendered":"https:\/\/salonamat.com\/?page_id=10120"},"modified":"2025-10-29T13:17:01","modified_gmt":"2025-10-29T13:17:01","slug":"bcn","status":"publish","type":"page","link":"https:\/\/salonamat.com\/index.php\/collections\/tissus\/bcn\/","title":{"rendered":"BCN"},"content":{"rendered":"\n<p>Fabricant turc de tissus cha\u00eene-et-trame en poly viscose ea<\/p>\n\n\n\n<p>Polyester, \u00e9lasthanne, viscose&#8230;<\/p>\n\n\n\n<p><\/p>\n\n\n\n<p>Repr\u00e9sent\u00e9 par <a href=\"https:\/\/salonamat.com\/index.php\/agents\/paul-mestrallet\/\">Paul Mestrallet<\/a>.<\/p>\n","protected":false},"excerpt":{"rendered":"<p>Fabricant turc de tissus cha\u00eene-et-trame en poly viscose ea Polyester, \u00e9lasthanne, viscose&#8230; Repr\u00e9sent\u00e9 par Paul Mestrallet. <a href=\"https:\/\/salonamat.com\/index.php\/collections\/tissus\/bcn\/\" class=\"more-link\">Continuer de lire <span class=\"screen-reader-text\">BCN<\/span><\/a><\/p>\n","protected":false},"author":3,"featured_media":0,"parent":1215,"menu_order":0,"comment_status":"closed","ping_status":"closed","template":"","meta":{"spay_email":""},"categories":[73,15,84,87,123,1,46,49,53],"tags":[],"jetpack_sharing_enabled":true,"jetpack_shortlink":"https:\/\/wp.me\/P7346W-2De","jetpack-related-posts":[{"id":634,"url":"https:\/\/salonamat.com\/index.php\/collections\/tissus\/deveaux\/","url_meta":{"origin":10120,"position":0},"title":"DEVEAUX","date":"d\u00e9cembre 18, 2015","format":false,"excerpt":"Imprimeur fran\u00e7ais de tissus cha\u00eene-et-trame & maille. Rotatif, jet d'encre. Jacquard cha\u00eene-et-trame et maille, fantaisie, maille fils teints. Femme, homme, enfant. D\u00e9veloppements personnalis\u00e9s. Coton, viscose, polyester, acrylique, laine, lin, \u00e9lasthanne... Repr\u00e9sent\u00e9 par Christine Deporte.","rel":"","context":"Dans &quot;acrylique&quot;","img":{"alt_text":"","src":"https:\/\/i0.wp.com\/salonamat.com\/wp-content\/uploads\/2015\/12\/CHRISTINE-DEVEAUX-01-1.jpg?resize=350%2C200","width":350,"height":200},"classes":[]},{"id":2384,"url":"https:\/\/salonamat.com\/index.php\/collections\/tissus\/trouillet\/","url_meta":{"origin":10120,"position":1},"title":"TROUILLET","date":"septembre 4, 2018","format":false,"excerpt":"Fabricant fran\u00e7ais de tissus fantaisie, armur\u00e9s, tiss\u00e9s-teints, cha\u00eene et trame. Femme, Enfant Minima : 300 Mt Compositions : poly-cotons\/viscose, 100% coton, 100% viscose, viscose\/\u00e9lasthanne. Repr\u00e9sent\u00e9 par Lionel Roblet.","rel":"","context":"Dans &quot;cha\u00eene et trame&quot;","img":{"alt_text":"","src":"https:\/\/i0.wp.com\/salonamat.com\/wp-content\/uploads\/2018\/09\/LYDIE-TROUILLET-ANGIE.jpg?resize=350%2C200","width":350,"height":200},"classes":[]},{"id":6173,"url":"https:\/\/salonamat.com\/index.php\/collections\/tissus\/texprint\/","url_meta":{"origin":10120,"position":2},"title":"TEXPRINT","date":"d\u00e9cembre 19, 2023","format":false,"excerpt":"Fabricant italien de tissus imprim\u00e9s cha\u00eene et trame et maille. Propose toile - serg\u00e9 - satins - cr\u00eapes - georgette - double georgette - cr\u00eape marocain compositions. Composition: coton, coton \u00e9lasthanne, viscose, fibranne, polyamide-viscose. Pas de minimum de commande. Pour le pr\u00eat \u00e0 porter. Possibilit\u00e9 de r\u00e9alisation des dessins clients.\u2026","rel":"","context":"Dans &quot;cha\u00eene et trame&quot;","img":{"alt_text":"","src":"https:\/\/i0.wp.com\/salonamat.com\/wp-content\/uploads\/2023\/12\/TEXPRINT-1.jpg?resize=350%2C200&ssl=1","width":350,"height":200},"classes":[]},{"id":825,"url":"https:\/\/salonamat.com\/index.php\/collections\/tissus\/telatex\/","url_meta":{"origin":10120,"position":3},"title":"TELATEX","date":"d\u00e9cembre 22, 2015","format":false,"excerpt":"Fabricant fran\u00e7ais de tissus cha\u00eene-et-trame naturels. PAT, teints, imprim\u00e9s, jacquards. Femme, homme, enfant, sportswear. Coton, laine, viscose, lin, m\u00e9langes. Minimum de commande: 300M + stock service Repr\u00e9sent\u00e9 par Laetitia CORGER.","rel":"","context":"Dans &quot;ameublement&quot;","img":{"alt_text":"","src":"https:\/\/i0.wp.com\/salonamat.com\/wp-content\/uploads\/2023\/05\/TELATEX1.jpg?resize=350%2C200&ssl=1","width":350,"height":200},"classes":[]},{"id":5280,"url":"https:\/\/salonamat.com\/index.php\/collections\/tissus\/tejidos-rebes\/","url_meta":{"origin":10120,"position":4},"title":"TEJIDOS REBES","date":"mai 11, 2023","format":false,"excerpt":"Espagne Chaine & trame uni et imprim\u00e9 (tiss\u00e9 teint, teinture, impressions num\u00e9riques et rotatives) Coton \/ viscose \/ polyester \/ lin\u00a0 PAP homme \/ femme \/ enfant \/ v\u00eatements de travail \/ d\u00e9coration int\u00e9rieure MINIMUM DE COMMANDE : 50m + stock service Repr\u00e9sent\u00e9 par PAUL MESTRALLET","rel":"","context":"Dans &quot;ameublement&quot;","img":{"alt_text":"","src":"https:\/\/i0.wp.com\/salonamat.com\/wp-content\/uploads\/2023\/05\/rebes1.jpg?resize=350%2C200&ssl=1","width":350,"height":200},"classes":[]},{"id":827,"url":"https:\/\/salonamat.com\/index.php\/collections\/tissus\/knipidee\/","url_meta":{"origin":10120,"position":5},"title":"KNIPIDEE","date":"d\u00e9cembre 22, 2015","format":false,"excerpt":"Importateur n\u00e9erlandais de tissus cha\u00eene-et-trame et maille. Minima : 15 mt sur stock. Femme, homme, enfant. Toutes compositions. Petites quantit\u00e9s. Repr\u00e9sent\u00e9 par V\u00e9ronique PEPIN BOLLIET","rel":"","context":"Dans &quot;ac\u00e9tate&quot;","img":{"alt_text":"","src":"https:\/\/i0.wp.com\/salonamat.com\/wp-content\/uploads\/2015\/12\/ANNE-KNIPIDEE-1.jpg?resize=350%2C200","width":350,"height":200},"classes":[]}],"_links":{"self":[{"href":"https:\/\/salonamat.com\/index.php\/wp-json\/wp\/v2\/pages\/10120"}],"collection":[{"href":"https:\/\/salonamat.com\/index.php\/wp-json\/wp\/v2\/pages"}],"about":[{"href":"https:\/\/salonamat.com\/index.php\/wp-json\/wp\/v2\/types\/page"}],"author":[{"embeddable":true,"href":"https:\/\/salonamat.com\/index.php\/wp-json\/wp\/v2\/users\/3"}],"replies":[{"embeddable":true,"href":"https:\/\/salonamat.com\/index.php\/wp-json\/wp\/v2\/comments?post=10120"}],"version-history":[{"count":1,"href":"https:\/\/salonamat.com\/index.php\/wp-json\/wp\/v2\/pages\/10120\/revisions"}],"predecessor-version":[{"id":10129,"href":"https:\/\/salonamat.com\/index.php\/wp-json\/wp\/v2\/pages\/10120\/revisions\/10129"}],"up":[{"embeddable":true,"href":"https:\/\/salonamat.com\/index.php\/wp-json\/wp\/v2\/pages\/1215"}],"wp:attachment":[{"href":"https:\/\/salonamat.com\/index.php\/wp-json\/wp\/v2\/media?parent=10120"}],"wp:term":[{"taxonomy":"category","embeddable":true,"href":"https:\/\/salonamat.com\/index.php\/wp-json\/wp\/v2\/categories?post=10120"},{"taxonomy":"post_tag","embeddable":true,"href":"https:\/\/salonamat.com\/index.php\/wp-json\/wp\/v2\/tags?post=10120"}],"curies":[{"name":"wp","href":"https:\/\/api.w.org\/{rel}","templated":true}]}}