{"id":10107,"date":"2025-10-29T12:56:10","date_gmt":"2025-10-29T12:56:10","guid":{"rendered":"https:\/\/salonamat.com\/?page_id=10107"},"modified":"2025-10-29T13:05:34","modified_gmt":"2025-10-29T13:05:34","slug":"studio-elle","status":"publish","type":"page","link":"https:\/\/salonamat.com\/index.php\/collections\/tissus\/studio-elle\/","title":{"rendered":"STUDIO ELLE"},"content":{"rendered":"\n<p>Tissus Imprim\u00e9s.<\/p>\n\n\n\n<p>Collection  bain.<\/p>\n\n\n\n<p><\/p>\n\n\n\n<p>Repr\u00e9sent\u00e9 par <a href=\"http:\/\/salonamat.com\/index.php\/agents\/armelle-blettner\/\">Armelle Blettner et Anne Jouve.<\/a><\/p>\n","protected":false},"excerpt":{"rendered":"<p>Tissus Imprim\u00e9s. Collection bain. Repr\u00e9sent\u00e9 par Armelle Blettner et Anne Jouve. <a href=\"https:\/\/salonamat.com\/index.php\/collections\/tissus\/studio-elle\/\" class=\"more-link\">Continuer de lire <span class=\"screen-reader-text\">STUDIO ELLE<\/span><\/a><\/p>\n","protected":false},"author":3,"featured_media":0,"parent":1215,"menu_order":0,"comment_status":"closed","ping_status":"closed","template":"","meta":{"spay_email":""},"categories":[67,87,204,46],"tags":[],"jetpack_sharing_enabled":true,"jetpack_shortlink":"https:\/\/wp.me\/P7346W-2D1","jetpack-related-posts":[{"id":792,"url":"https:\/\/salonamat.com\/index.php\/collections\/tissus\/azzurra-gazzella\/","url_meta":{"origin":10107,"position":0},"title":"AZZURRA GAZZELLA","date":"d\u00e9cembre 22, 2015","format":false,"excerpt":"Tissus Imprim\u00e9s. Collection PAP \/ Lingerie \/ bain. Femme. Viscose, modal, coton, \u00e9lasthanne, lycra, xtralife, polyamide. Repr\u00e9sent\u00e9 par Armelle Blettner et Anne Jouve.","rel":"","context":"Dans &quot;bain&quot;","img":{"alt_text":"","src":"https:\/\/i0.wp.com\/salonamat.com\/wp-content\/uploads\/2015\/12\/ARMELLE-MIROGLIO-DREAM-1.jpg?resize=350%2C200","width":350,"height":200},"classes":[]},{"id":4429,"url":"https:\/\/salonamat.com\/index.php\/collections\/tissus\/fasac\/","url_meta":{"origin":10107,"position":1},"title":"FASAC","date":"juin 21, 2022","format":false,"excerpt":"Imprimeur italien. Tout type de supports, Maille et Cha\u00eene et Trame. Compositions : Soie, Coton, Polyester, Viscose. PAP et Lingerie \/ Bain. Joli choix de bases \u00e9co-responsables et recycl\u00e9es. Travail d\u2019impression \u00e0 fa\u00e7on \u00e9galement possible. Repr\u00e9sent\u00e9 par Armelle Blettner et Anne Jouve.","rel":"","context":"Dans &quot;bain&quot;","img":{"alt_text":"","src":"https:\/\/i0.wp.com\/salonamat.com\/wp-content\/uploads\/2022\/06\/FASAC-01.jpeg?resize=350%2C200&ssl=1","width":350,"height":200},"classes":[]},{"id":6213,"url":"https:\/\/salonamat.com\/index.php\/collections\/accessoires\/p-a-l-m-pizzi\/","url_meta":{"origin":10107,"position":2},"title":"P.A.L.M PIZZI","date":"d\u00e9cembre 22, 2023","format":false,"excerpt":"Fabricant italien de dentelle et galons crochet. Pour pr\u00eat \u00e0 porter femme, enfant, homme et lingerie bain Cotton\/ polyester\/ fils chenille et divers Minimum de commande: 300mts au coloris si pas en stock Repr\u00e9sent\u00e9 par Armelle Blettner et Anne Jouve.","rel":"","context":"Dans &quot;acrylique&quot;","img":{"alt_text":"","src":"https:\/\/i0.wp.com\/salonamat.com\/wp-content\/uploads\/2023\/12\/PALM-PIZZI.png?resize=350%2C200&ssl=1","width":350,"height":200},"classes":[]},{"id":1223,"url":"https:\/\/salonamat.com\/index.php\/agents\/armelle-blettner-anne-jouve\/","url_meta":{"origin":10107,"position":3},"title":"Armelle BLETTNER &#8211; Anne JOUVE","date":"d\u00e9cembre 14, 2015","format":false,"excerpt":"1 IMPASSE MARECHAL JOFFRE 26000 VALENCE contacter Armelle par courriel en cliquant sur ce lien 06 09 80 01 72 Anne JOUVEAn.J Bureau Textile06.10.55.65.06contacter Anne par courriel en cliquant sur ce lien26000 VALENCE MAISONS REPRESENTEES DISGOSA ESPUNTO EUROSTICK FASAC KLAUBER NEMARK P.A.L.M PIZZI STUDIO ELLE","rel":"","context":"Dans &quot;agents&quot;","img":{"alt_text":"","src":"https:\/\/i0.wp.com\/salonamat.com\/wp-content\/uploads\/2015\/12\/ARMELLE-000-1-1-225x300.jpg?resize=350%2C200","width":350,"height":200},"classes":[]},{"id":10111,"url":"https:\/\/salonamat.com\/index.php\/collections\/accessoires\/nemark\/","url_meta":{"origin":10107,"position":4},"title":"NEMARK","date":"octobre 29, 2025","format":false,"excerpt":"Fabricant espagnol de boutons \u00e0 coudre et accessoires. Tarifs entr\u00e9e de gamme. Femme, homme, enfant. Polyester, nacre, nylon, nylon m\u00e9tal, corne, corozo, bois, cuir lavable. Repr\u00e9sent\u00e9 par Armelle Blettner et Anne Jouve.","rel":"","context":"Dans &quot;accessoires&quot;","img":{"alt_text":"","src":"","width":0,"height":0},"classes":[]},{"id":796,"url":"https:\/\/salonamat.com\/index.php\/collections\/tissus\/eurostick\/","url_meta":{"origin":10107,"position":5},"title":"EUROSTICK","date":"d\u00e9cembre 22, 2015","format":false,"excerpt":"Fabricant italien de tissus \/ ennoblisseur : pliss\u00e9, lamin\u00e9, contrecoll\u00e9s avec ou sans mousse, floqu\u00e9, imprim\u00e9... Femme. Polyester, viscose, modal, polyamide. Repr\u00e9sent\u00e9 par Armelle Blettner.","rel":"","context":"Dans &quot;cha\u00eene et trame&quot;","img":{"alt_text":"","src":"https:\/\/i0.wp.com\/salonamat.com\/wp-content\/uploads\/2015\/12\/ARMELLE-EUROSTICK-1.jpg?resize=350%2C200","width":350,"height":200},"classes":[]}],"_links":{"self":[{"href":"https:\/\/salonamat.com\/index.php\/wp-json\/wp\/v2\/pages\/10107"}],"collection":[{"href":"https:\/\/salonamat.com\/index.php\/wp-json\/wp\/v2\/pages"}],"about":[{"href":"https:\/\/salonamat.com\/index.php\/wp-json\/wp\/v2\/types\/page"}],"author":[{"embeddable":true,"href":"https:\/\/salonamat.com\/index.php\/wp-json\/wp\/v2\/users\/3"}],"replies":[{"embeddable":true,"href":"https:\/\/salonamat.com\/index.php\/wp-json\/wp\/v2\/comments?post=10107"}],"version-history":[{"count":2,"href":"https:\/\/salonamat.com\/index.php\/wp-json\/wp\/v2\/pages\/10107\/revisions"}],"predecessor-version":[{"id":10116,"href":"https:\/\/salonamat.com\/index.php\/wp-json\/wp\/v2\/pages\/10107\/revisions\/10116"}],"up":[{"embeddable":true,"href":"https:\/\/salonamat.com\/index.php\/wp-json\/wp\/v2\/pages\/1215"}],"wp:attachment":[{"href":"https:\/\/salonamat.com\/index.php\/wp-json\/wp\/v2\/media?parent=10107"}],"wp:term":[{"taxonomy":"category","embeddable":true,"href":"https:\/\/salonamat.com\/index.php\/wp-json\/wp\/v2\/categories?post=10107"},{"taxonomy":"post_tag","embeddable":true,"href":"https:\/\/salonamat.com\/index.php\/wp-json\/wp\/v2\/tags?post=10107"}],"curies":[{"name":"wp","href":"https:\/\/api.w.org\/{rel}","templated":true}]}}